{"id":899,"date":"2025-03-14T17:27:47","date_gmt":"2025-03-14T16:27:47","guid":{"rendered":"https:\/\/limtravelone.it\/wie-wir-arbeiten\/"},"modified":"2025-04-01T11:03:22","modified_gmt":"2025-04-01T10:03:22","slug":"wie-wir-arbeiten","status":"publish","type":"page","link":"http:\/\/limtravelone.it\/de\/wie-wir-arbeiten\/","title":{"rendered":"Wie wir arbeiten"},"content":{"rendered":"<div id='full_slider_1'  class='avia-fullwidth-slider main_color avia-shadow   avia-builder-el-0  el_before_av_heading  avia-builder-el-first   container_wrap fullsize'  ><div  class='avia-slideshow av-m88zaulg-7d33158a21c1814220cc549872dc391c avia-slideshow-featured av_slideshow_full avia-fade-slider av-slideshow-ui av-control-default av-nav-arrows-visible av-nav-dots-visible av-slideshow-autoplay av-loop-endless av-loop-manual-endless av-default-height-applied   avia-slideshow-1' data-slideshow-options=\"{&quot;animation&quot;:&quot;fade&quot;,&quot;autoplay&quot;:true,&quot;loop_autoplay&quot;:&quot;endless&quot;,&quot;interval&quot;:3,&quot;loop_manual&quot;:&quot;manual-endless&quot;,&quot;autoplay_stopper&quot;:false,&quot;noNavigation&quot;:false,&quot;bg_slider&quot;:false,&quot;keep_padding&quot;:false,&quot;hoverpause&quot;:false,&quot;show_slide_delay&quot;:0}\"  itemprop=\"image\" itemscope=\"itemscope\" itemtype=\"https:\/\/schema.org\/ImageObject\" ><ul class='avia-slideshow-inner ' style='padding-bottom: 28.666666666667%;'><li  class='avia-slideshow-slide av-m88zaulg-7d33158a21c1814220cc549872dc391c__0  slide-1 slide-odd'><div data-rel='slideshow-1' class='avia-slide-wrap '   ><img decoding=\"async\" fetchpriority=\"high\" class=\"wp-image-393 avia-img-lazy-loading-not-393\"  src=\"http:\/\/limtravelone.it\/wp-content\/uploads\/2025\/03\/Sorrento-1500x430.jpg\" width=\"1500\" height=\"430\" title='Sorrento panorama' alt=''  itemprop=\"thumbnailUrl\"   \/><\/div><\/li><li  class='avia-slideshow-slide av-m88zaulg-7d33158a21c1814220cc549872dc391c__1  slide-2 slide-even'><div data-rel='slideshow-1' class='avia-slide-wrap '   ><img decoding=\"async\" fetchpriority=\"high\" class=\"wp-image-397 avia-img-lazy-loading-not-397\"  src=\"http:\/\/limtravelone.it\/wp-content\/uploads\/2025\/03\/Napoli-Vesuvio-1-1500x430.jpg\" width=\"1500\" height=\"430\" title='Napoli panorama con il Vesuvio' alt=''  itemprop=\"thumbnailUrl\"   \/><\/div><\/li><li  class='avia-slideshow-slide av-m88zaulg-7d33158a21c1814220cc549872dc391c__2  slide-3 slide-odd'><div data-rel='slideshow-1' class='avia-slide-wrap '   ><img decoding=\"async\" fetchpriority=\"high\" class=\"wp-image-399 avia-img-lazy-loading-not-399\"  src=\"http:\/\/limtravelone.it\/wp-content\/uploads\/2025\/03\/Roma-1500x430.jpg\" width=\"1500\" height=\"430\" title='Roma il Colosseo' alt=''  itemprop=\"thumbnailUrl\"   \/><\/div><\/li><li  class='avia-slideshow-slide av-m88zaulg-7d33158a21c1814220cc549872dc391c__3  slide-4 slide-even'><div data-rel='slideshow-1' class='avia-slide-wrap '   ><img decoding=\"async\" fetchpriority=\"high\" class=\"wp-image-401 avia-img-lazy-loading-not-401\"  src=\"http:\/\/limtravelone.it\/wp-content\/uploads\/2025\/03\/Firenze-1500x430.jpg\" width=\"1500\" height=\"430\" title='Firenze, Italy' alt=''  itemprop=\"thumbnailUrl\"   \/><\/div><\/li><li  class='avia-slideshow-slide av-m88zaulg-7d33158a21c1814220cc549872dc391c__4  slide-5 slide-odd'><div data-rel='slideshow-1' class='avia-slide-wrap '   ><img decoding=\"async\" fetchpriority=\"high\" class=\"wp-image-403 avia-img-lazy-loading-not-403\"  src=\"http:\/\/limtravelone.it\/wp-content\/uploads\/2025\/03\/Venezia-1500x430.jpg\" width=\"1500\" height=\"430\" title='Venice, Italy' alt=''  itemprop=\"thumbnailUrl\"   \/><\/div><\/li><\/ul><div class='avia-slideshow-arrows avia-slideshow-controls' ><a href='#prev' class='prev-slide ' aria-hidden='true' data-av_icon='\ue87c' data-av_iconfont='entypo-fontello'  tabindex='-1'>Zur\u00fcck<\/a><a href='#next' class='next-slide ' aria-hidden='true' data-av_icon='\ue87d' data-av_iconfont='entypo-fontello'  tabindex='-1'>Weiter<\/a><\/div><div class='avia-slideshow-dots avia-slideshow-controls'><a href='#1' class='goto-slide active' >1<\/a><a href='#2' class='goto-slide ' >2<\/a><a href='#3' class='goto-slide ' >3<\/a><a href='#4' class='goto-slide ' >4<\/a><a href='#5' class='goto-slide ' >5<\/a><\/div><\/div><\/div><div id='after_full_slider_1'  class='main_color av_default_container_wrap container_wrap fullsize'  ><div class='container av-section-cont-open' ><div class='template-page content  av-content-full alpha units'><div class='post-entry post-entry-type-page post-entry-899'><div class='entry-content-wrapper clearfix'>\n\n<style type=\"text\/css\" data-created_by=\"avia_inline_auto\" id=\"style-css-av-m88zd2cd-f8548824fb791729b8c7d4d5e56e10cc\">\n#top .av-special-heading.av-m88zd2cd-f8548824fb791729b8c7d4d5e56e10cc{\npadding-bottom:10px;\n}\nbody .av-special-heading.av-m88zd2cd-f8548824fb791729b8c7d4d5e56e10cc .av-special-heading-tag .heading-char{\nfont-size:25px;\n}\n.av-special-heading.av-m88zd2cd-f8548824fb791729b8c7d4d5e56e10cc .av-subheading{\nfont-size:15px;\n}\n<\/style>\n<div  class='av-special-heading av-m88zd2cd-f8548824fb791729b8c7d4d5e56e10cc av-special-heading-h2 blockquote modern-quote modern-centered  avia-builder-el-1  el_after_av_slideshow_full  el_before_av_hr  avia-builder-el-first '><h2 class='av-special-heading-tag '  itemprop=\"headline\"  >Wie wir arbeiten<\/h2><div class=\"special-heading-border\"><div class=\"special-heading-inner-border\"><\/div><\/div><\/div>\n<div  class='hr av-b1rn3-cf1706b0c1e716855b1c02a82d48cc57 hr-default  avia-builder-el-2  el_after_av_heading  el_before_av_one_half '><span class='hr-inner '><span class=\"hr-inner-style\"><\/span><\/span><\/div>\n<div  class='flex_column av-dahi7-2ffc2e3312335f276a7f23c0f4c40fe9 av_one_half  avia-builder-el-3  el_after_av_hr  el_before_av_one_half  first flex_column_div  '     ><p>\n<style type=\"text\/css\" data-created_by=\"avia_inline_auto\" id=\"style-css-av-m8ei47mx-01b4f9a7f61d6a1a287c2858ba5ba931\">\n#top .av-special-heading.av-m8ei47mx-01b4f9a7f61d6a1a287c2858ba5ba931{\npadding-bottom:10px;\n}\nbody .av-special-heading.av-m8ei47mx-01b4f9a7f61d6a1a287c2858ba5ba931 .av-special-heading-tag .heading-char{\nfont-size:25px;\n}\n.av-special-heading.av-m8ei47mx-01b4f9a7f61d6a1a287c2858ba5ba931 .av-subheading{\nfont-size:15px;\n}\n<\/style>\n<div  class='av-special-heading av-m8ei47mx-01b4f9a7f61d6a1a287c2858ba5ba931 av-special-heading-h3 blockquote modern-quote modern-centered  avia-builder-el-4  el_before_av_textblock  avia-builder-el-first '><h3 class='av-special-heading-tag '  itemprop=\"headline\"  >Hochwertige personalisierte Dienstleistungen<\/h3><div class=\"special-heading-border\"><div class=\"special-heading-inner-border\"><\/div><\/div><\/div><br \/>\n<section  class='av_textblock_section av-m88zdvnp-522e64591555fe904f43a1e48e23b14e '   itemscope=\"itemscope\" itemtype=\"https:\/\/schema.org\/CreativeWork\" ><div class='avia_textblock'  itemprop=\"text\" ><p data-start=\"395\" data-end=\"777\"><strong data-start=\"395\" data-end=\"411\">LimTravelOne<\/strong> ist auf die Bereitstellung hochwertiger, <strong data-start=\"441\" data-end=\"483\">personalisierter Dienste spezialisiert<\/strong>, die darauf ausgelegt sind, f\u00fcr jeden Kunden einzigartige und ma\u00dfgeschneiderte Reiseerlebnisse zu schaffen. Dank unserer umfassenden Kenntnis des italienischen Territoriums und der Leidenschaft, die wir in jedes Projekt stecken, sind wir in der Lage, alle W\u00fcnsche zu erf\u00fcllen, von den ber\u00fchmtesten Reisezielen bis hin zu den verstecktesten. <\/p>\n<p data-start=\"779\" data-end=\"1249\">Unser Team besteht aus <strong data-start=\"822\" data-end=\"856\">zuverl\u00e4ssigen, kompetenten und loyalen Fachleuten<\/strong>, die stets bereit sind, eine einwandfreie Abwicklung aller Aspekte der Reise zu gew\u00e4hrleisten. Wir arbeiten mit Hingabe und bieten ma\u00dfgeschneiderte und <strong data-start=\"999\" data-end=\"1013\">innovative L\u00f6sungen<\/strong> f\u00fcr jeden Bedarf, immer mit dem Ziel, die Erwartungen unserer Kunden zu \u00fcbertreffen. Wir glauben, dass jede Reise ein besonderes Erlebnis sein sollte, das bis ins kleinste Detail geplant und ganz auf die Bed\u00fcrfnisse des Reisenden abgestimmt ist.  <\/p>\n<p data-start=\"1251\" data-end=\"1653\">Bei LimTravelOne legen wir Wert darauf, <strong data-start=\"1284\" data-end=\"1323\">langfristige Beziehungen zu unseren Kunden aufzubauen<\/strong>, die auf gegenseitigem Vertrauen und dem kontinuierlichen Streben nach <strong data-start=\"1408\" data-end=\"1419\">Qualit\u00e4t<\/strong> basieren. Dank unserer langj\u00e4hrigen Erfahrung sind wir in der Lage, die besten Anbieter der Branche auszuw\u00e4hlen und so exklusive und qualitativ hochwertige Dienstleistungen zu garantieren, die den Bed\u00fcrfnissen jedes <strong data-start=\"1496\" data-end=\"1518\">Reisenden perfekt <\/strong>gerecht werden. <\/p>\n<p data-start=\"1655\" data-end=\"2115\">Wir arbeiten jeden Tag daran, jede Reise zu etwas Besonderem zu machen, sei es eine <strong data-start=\"1736\" data-end=\"1756\">organisierte Tour <\/strong>in eine Kunststadt, ein <strong data-start=\"1785\" data-end=\"1807\">privater Ausflug<\/strong> zur Entdeckung der verborgenen Sch\u00e4tze Italiens oder ein besonderes Ereignis wie eine Hochzeit oder eine Firmenveranstaltung. Liebe zum <strong data-start=\"1949\" data-end=\"1965\">Detail und Flexibilit\u00e4t<\/strong> sind unsere St\u00e4rken, die es uns erm\u00f6glichen, uns schnell an jede Situation anzupassen und maximale Zufriedenheit f\u00fcr unsere Kunden zu garantieren. <\/p>\n<p data-start=\"2117\" data-end=\"2450\">Dar\u00fcber hinaus sind wir immer auf der Suche nach <strong data-start=\"2155\" data-end=\"2194\">neuen Vorschl\u00e4gen und exklusiven Produkten<\/strong>, um unser Angebot zu bereichern und immer originellere und anregendere Reiserouten vorzuschlagen. Jede Reise mit LimTravelOne soll ein einzigartiges und unvergessliches Reiseerlebnis bieten, das die Authentizit\u00e4t und Sch\u00f6nheit unseres Gebiets widerspiegelt. <\/p>\n<\/div><\/section><\/p><\/div><div  class='flex_column av-9s8r3-dd92d1d9c954d79fadc25c7b316a411f av_one_half  avia-builder-el-6  el_after_av_one_half  el_before_av_one_full  flex_column_div  '     ><section  class='av_textblock_section av-m88zeq8q-4760a1f175e3a32f234bd5e4ee599690 '   itemscope=\"itemscope\" itemtype=\"https:\/\/schema.org\/CreativeWork\" ><div class='avia_textblock'  itemprop=\"text\" ><h4 data-start=\"1021\" data-end=\"1055\"><strong data-start=\"1026\" data-end=\"1053\">UNSERE ST\u00c4RKEN<\/strong><\/h4>\n<ul data-start=\"1057\" data-end=\"1555\">\n<li data-start=\"1057\" data-end=\"1130\"><strong data-start=\"1059\" data-end=\"1086\">Erfahrung und Wissen,<br \/>\n<\/strong>in \u00fcber 30 Jahren T\u00e4tigkeit im Tourismussektor erworben.<\/li>\n<li data-start=\"1131\" data-end=\"1215\"><strong data-start=\"1133\" data-end=\"1172\">Pr\u00e4zision und Liebe zum Detail,<br \/>\n<\/strong>um auf jeder Etappe der Reise stets h\u00f6chste Qualit\u00e4t zu gew\u00e4hrleisten.<\/li>\n<li data-start=\"1216\" data-end=\"1289\"><strong data-start=\"1218\" data-end=\"1234\">Flexibilit\u00e4t,<br \/>\n<\/strong>sich flexibel an die Bed\u00fcrfnisse und W\u00fcnsche der Kunden anzupassen und ma\u00dfgeschneiderte L\u00f6sungen anzubieten.<\/li>\n<li data-start=\"1290\" data-end=\"1386\"><strong data-start=\"1292\" data-end=\"1334\">Ausgezeichnete Beziehungen zu unseren Lieferanten,<br \/>\n<\/strong>die es uns erm\u00f6glichen, exklusive und personalisierte Dienstleistungen anzubieten.<\/li>\n<li data-start=\"1387\" data-end=\"1466\"><strong data-start=\"1389\" data-end=\"1428\">Schnelligkeit bei der Reaktion auf Kundenanfragen,<br \/>\n<\/strong>mit schneller und effektiver Unterst\u00fctzung f\u00fcr jeden Bedarf.<\/li>\n<li data-start=\"1467\" data-end=\"1555\"><strong data-start=\"1469\" data-end=\"1499\">Preiswerte Produkte,<br \/>\n<\/strong>eine perfekte Balance zwischen Qualit\u00e4t und Komfort<\/li>\n<\/ul>\n<p data-start=\"1557\" data-end=\"1700\">Dank dieser Werte und unserem st\u00e4ndigen Engagement verwandeln wir jede Anfrage in ein ma\u00dfgeschneidertes Erlebnis, das Ihren Erwartungen entspricht.<\/p>\n<\/div><\/section><\/div>\n<style type=\"text\/css\" data-created_by=\"avia_inline_auto\" id=\"style-css-av-m8ei1agw-0bf7d48f61be959386f1551eaf8bb1a1\">\n.flex_column.av-m8ei1agw-0bf7d48f61be959386f1551eaf8bb1a1{\npadding:50px 50px 50px 50px;\n}\n<\/style>\n<div  class='flex_column av-m8ei1agw-0bf7d48f61be959386f1551eaf8bb1a1 av_one_full  avia-builder-el-8  el_after_av_one_half  avia-builder-el-last  first flex_column_div  column-top-margin'     ><section  class='av_textblock_section av-m894jk87-33e093e6f5fb4b1c7bdb1ae6826004ce '   itemscope=\"itemscope\" itemtype=\"https:\/\/schema.org\/CreativeWork\" ><div class='avia_textblock'  itemprop=\"text\" ><blockquote>\n<p>Italien wartet darauf, entdeckt zu werden, es ist H\u00fcter eines weltweit einzigartigen k\u00fcnstlerischen, kulturellen und \u00f6nogastronomischen Erbes.<\/p>\n<p>Jede Stadt, jedes Dorf hat eine Geschichte zu erz\u00e4hlen, Sch\u00f6nheiten zu zeigen, bezaubernde Aussichten, Aromen zu kosten&#8230;.. jede Ecke unseres sch\u00f6nen Italiens ist eine Welt f\u00fcr sich&#8230; &#8230; und wir sind hier, um sie Ihnen zu zeigen.<\/p>\n<\/blockquote>\n<\/div><\/section><\/div><\/p>\n","protected":false},"excerpt":{"rendered":"","protected":false},"author":1,"featured_media":0,"parent":0,"menu_order":0,"comment_status":"closed","ping_status":"closed","template":"","meta":{"footnotes":""},"class_list":["post-899","page","type-page","status-publish","hentry"],"yoast_head":"<!-- This site is optimized with the Yoast SEO plugin v27.6 - https:\/\/yoast.com\/product\/yoast-seo-wordpress\/ -->\n<title>Personalisierte und hochwertige Dienste - LIMTRAVELONE - Wie wir arbeitenio.<\/title>\n<meta name=\"description\" content=\"Personalisierte und hochwertige Dienstleistungen bei LimTravelOne, mit einem zuverl\u00e4ssigen Team und ma\u00dfgeschneiderten L\u00f6sungen f\u00fcr jeden Reisebedarf.\" \/>\n<meta name=\"robots\" content=\"index, follow, max-snippet:-1, max-image-preview:large, max-video-preview:-1\" \/>\n<link rel=\"canonical\" href=\"http:\/\/limtravelone.it\/de\/wie-wir-arbeiten\/\" \/>\n<meta property=\"og:locale\" content=\"de_DE\" \/>\n<meta property=\"og:type\" content=\"article\" \/>\n<meta property=\"og:title\" content=\"Personalisierte und hochwertige Dienste - LIMTRAVELONE - Wie wir arbeitenio.\" \/>\n<meta property=\"og:description\" content=\"Personalisierte und hochwertige Dienstleistungen bei LimTravelOne, mit einem zuverl\u00e4ssigen Team und ma\u00dfgeschneiderten L\u00f6sungen f\u00fcr jeden Reisebedarf.\" \/>\n<meta property=\"og:url\" content=\"http:\/\/limtravelone.it\/de\/wie-wir-arbeiten\/\" \/>\n<meta property=\"og:site_name\" content=\"LIMTRAVELONE\" \/>\n<meta property=\"article:modified_time\" content=\"2025-04-01T10:03:22+00:00\" \/>\n<meta name=\"twitter:card\" content=\"summary_large_image\" \/>\n<meta name=\"twitter:label1\" content=\"Gesch\u00e4tzte Lesezeit\" \/>\n\t<meta name=\"twitter:data1\" content=\"18\u00a0Minuten\" \/>\n<script type=\"application\/ld+json\" class=\"yoast-schema-graph\">{\"@context\":\"https:\\\/\\\/schema.org\",\"@graph\":[{\"@type\":\"WebPage\",\"@id\":\"http:\\\/\\\/limtravelone.it\\\/de\\\/wie-wir-arbeiten\\\/\",\"url\":\"http:\\\/\\\/limtravelone.it\\\/de\\\/wie-wir-arbeiten\\\/\",\"name\":\"Personalisierte und hochwertige Dienste - LIMTRAVELONE - Wie wir arbeitenio.\",\"isPartOf\":{\"@id\":\"https:\\\/\\\/limtravelone.it\\\/de\\\/#website\"},\"datePublished\":\"2025-03-14T16:27:47+00:00\",\"dateModified\":\"2025-04-01T10:03:22+00:00\",\"description\":\"Personalisierte und hochwertige Dienstleistungen bei LimTravelOne, mit einem zuverl\u00e4ssigen Team und ma\u00dfgeschneiderten L\u00f6sungen f\u00fcr jeden Reisebedarf.\",\"breadcrumb\":{\"@id\":\"http:\\\/\\\/limtravelone.it\\\/de\\\/wie-wir-arbeiten\\\/#breadcrumb\"},\"inLanguage\":\"de\",\"potentialAction\":[{\"@type\":\"ReadAction\",\"target\":[\"http:\\\/\\\/limtravelone.it\\\/de\\\/wie-wir-arbeiten\\\/\"]}]},{\"@type\":\"BreadcrumbList\",\"@id\":\"http:\\\/\\\/limtravelone.it\\\/de\\\/wie-wir-arbeiten\\\/#breadcrumb\",\"itemListElement\":[{\"@type\":\"ListItem\",\"position\":1,\"name\":\"Home\",\"item\":\"http:\\\/\\\/limtravelone.it\\\/de\\\/\"},{\"@type\":\"ListItem\",\"position\":2,\"name\":\"Wie wir arbeiten\"}]},{\"@type\":\"WebSite\",\"@id\":\"https:\\\/\\\/limtravelone.it\\\/de\\\/#website\",\"url\":\"https:\\\/\\\/limtravelone.it\\\/de\\\/\",\"name\":\"LIMTRAVELONE\",\"description\":\"Incoming Tour Operator\",\"publisher\":{\"@id\":\"https:\\\/\\\/limtravelone.it\\\/de\\\/#organization\"},\"potentialAction\":[{\"@type\":\"SearchAction\",\"target\":{\"@type\":\"EntryPoint\",\"urlTemplate\":\"https:\\\/\\\/limtravelone.it\\\/de\\\/?s={search_term_string}\"},\"query-input\":{\"@type\":\"PropertyValueSpecification\",\"valueRequired\":true,\"valueName\":\"search_term_string\"}}],\"inLanguage\":\"de\"},{\"@type\":\"Organization\",\"@id\":\"https:\\\/\\\/limtravelone.it\\\/de\\\/#organization\",\"name\":\"LIMTRAVELONE\",\"url\":\"https:\\\/\\\/limtravelone.it\\\/de\\\/\",\"logo\":{\"@type\":\"ImageObject\",\"inLanguage\":\"de\",\"@id\":\"https:\\\/\\\/limtravelone.it\\\/de\\\/#\\\/schema\\\/logo\\\/image\\\/\",\"url\":\"http:\\\/\\\/limtravelone.it\\\/wp-content\\\/uploads\\\/2025\\\/03\\\/LOGO-1.png\",\"contentUrl\":\"http:\\\/\\\/limtravelone.it\\\/wp-content\\\/uploads\\\/2025\\\/03\\\/LOGO-1.png\",\"width\":251,\"height\":366,\"caption\":\"LIMTRAVELONE\"},\"image\":{\"@id\":\"https:\\\/\\\/limtravelone.it\\\/de\\\/#\\\/schema\\\/logo\\\/image\\\/\"}}]}<\/script>\n<!-- \/ Yoast SEO plugin. -->","yoast_head_json":{"title":"Personalisierte und hochwertige Dienste - LIMTRAVELONE - Wie wir arbeitenio.","description":"Personalisierte und hochwertige Dienstleistungen bei LimTravelOne, mit einem zuverl\u00e4ssigen Team und ma\u00dfgeschneiderten L\u00f6sungen f\u00fcr jeden Reisebedarf.","robots":{"index":"index","follow":"follow","max-snippet":"max-snippet:-1","max-image-preview":"max-image-preview:large","max-video-preview":"max-video-preview:-1"},"canonical":"http:\/\/limtravelone.it\/de\/wie-wir-arbeiten\/","og_locale":"de_DE","og_type":"article","og_title":"Personalisierte und hochwertige Dienste - LIMTRAVELONE - Wie wir arbeitenio.","og_description":"Personalisierte und hochwertige Dienstleistungen bei LimTravelOne, mit einem zuverl\u00e4ssigen Team und ma\u00dfgeschneiderten L\u00f6sungen f\u00fcr jeden Reisebedarf.","og_url":"http:\/\/limtravelone.it\/de\/wie-wir-arbeiten\/","og_site_name":"LIMTRAVELONE","article_modified_time":"2025-04-01T10:03:22+00:00","twitter_card":"summary_large_image","twitter_misc":{"Gesch\u00e4tzte Lesezeit":"18\u00a0Minuten"},"schema":{"@context":"https:\/\/schema.org","@graph":[{"@type":"WebPage","@id":"http:\/\/limtravelone.it\/de\/wie-wir-arbeiten\/","url":"http:\/\/limtravelone.it\/de\/wie-wir-arbeiten\/","name":"Personalisierte und hochwertige Dienste - LIMTRAVELONE - Wie wir arbeitenio.","isPartOf":{"@id":"https:\/\/limtravelone.it\/de\/#website"},"datePublished":"2025-03-14T16:27:47+00:00","dateModified":"2025-04-01T10:03:22+00:00","description":"Personalisierte und hochwertige Dienstleistungen bei LimTravelOne, mit einem zuverl\u00e4ssigen Team und ma\u00dfgeschneiderten L\u00f6sungen f\u00fcr jeden Reisebedarf.","breadcrumb":{"@id":"http:\/\/limtravelone.it\/de\/wie-wir-arbeiten\/#breadcrumb"},"inLanguage":"de","potentialAction":[{"@type":"ReadAction","target":["http:\/\/limtravelone.it\/de\/wie-wir-arbeiten\/"]}]},{"@type":"BreadcrumbList","@id":"http:\/\/limtravelone.it\/de\/wie-wir-arbeiten\/#breadcrumb","itemListElement":[{"@type":"ListItem","position":1,"name":"Home","item":"http:\/\/limtravelone.it\/de\/"},{"@type":"ListItem","position":2,"name":"Wie wir arbeiten"}]},{"@type":"WebSite","@id":"https:\/\/limtravelone.it\/de\/#website","url":"https:\/\/limtravelone.it\/de\/","name":"LIMTRAVELONE","description":"Incoming Tour Operator","publisher":{"@id":"https:\/\/limtravelone.it\/de\/#organization"},"potentialAction":[{"@type":"SearchAction","target":{"@type":"EntryPoint","urlTemplate":"https:\/\/limtravelone.it\/de\/?s={search_term_string}"},"query-input":{"@type":"PropertyValueSpecification","valueRequired":true,"valueName":"search_term_string"}}],"inLanguage":"de"},{"@type":"Organization","@id":"https:\/\/limtravelone.it\/de\/#organization","name":"LIMTRAVELONE","url":"https:\/\/limtravelone.it\/de\/","logo":{"@type":"ImageObject","inLanguage":"de","@id":"https:\/\/limtravelone.it\/de\/#\/schema\/logo\/image\/","url":"http:\/\/limtravelone.it\/wp-content\/uploads\/2025\/03\/LOGO-1.png","contentUrl":"http:\/\/limtravelone.it\/wp-content\/uploads\/2025\/03\/LOGO-1.png","width":251,"height":366,"caption":"LIMTRAVELONE"},"image":{"@id":"https:\/\/limtravelone.it\/de\/#\/schema\/logo\/image\/"}}]}},"_links":{"self":[{"href":"http:\/\/limtravelone.it\/de\/wp-json\/wp\/v2\/pages\/899","targetHints":{"allow":["GET"]}}],"collection":[{"href":"http:\/\/limtravelone.it\/de\/wp-json\/wp\/v2\/pages"}],"about":[{"href":"http:\/\/limtravelone.it\/de\/wp-json\/wp\/v2\/types\/page"}],"author":[{"embeddable":true,"href":"http:\/\/limtravelone.it\/de\/wp-json\/wp\/v2\/users\/1"}],"replies":[{"embeddable":true,"href":"http:\/\/limtravelone.it\/de\/wp-json\/wp\/v2\/comments?post=899"}],"version-history":[{"count":4,"href":"http:\/\/limtravelone.it\/de\/wp-json\/wp\/v2\/pages\/899\/revisions"}],"predecessor-version":[{"id":903,"href":"http:\/\/limtravelone.it\/de\/wp-json\/wp\/v2\/pages\/899\/revisions\/903"}],"wp:attachment":[{"href":"http:\/\/limtravelone.it\/de\/wp-json\/wp\/v2\/media?parent=899"}],"curies":[{"name":"wp","href":"https:\/\/api.w.org\/{rel}","templated":true}]}}