{"id":910,"date":"2025-03-14T12:16:26","date_gmt":"2025-03-14T10:16:26","guid":{"rendered":"https:\/\/limtravelone.it\/individualtourismus\/"},"modified":"2025-04-01T11:33:59","modified_gmt":"2025-04-01T10:33:59","slug":"individualtourismus","status":"publish","type":"page","link":"http:\/\/limtravelone.it\/de\/individualtourismus\/","title":{"rendered":"INDIVIDUALTOURISMUS"},"content":{"rendered":"<div id='full_slider_1'  class='avia-fullwidth-slider main_color avia-shadow   avia-builder-el-0  el_before_av_heading  avia-builder-el-first   container_wrap fullsize'  ><div  class='avia-slideshow av-olkim-d38665dce4d673d45a51bf706907f69b avia-slideshow-featured av_slideshow_full avia-slide-slider av-slideshow-ui av-control-default av-slideshow-manual av-loop-once av-loop-manual-endless av-default-height-applied   avia-slideshow-1' data-slideshow-options=\"{&quot;animation&quot;:&quot;slide&quot;,&quot;autoplay&quot;:false,&quot;loop_autoplay&quot;:&quot;once&quot;,&quot;interval&quot;:5,&quot;loop_manual&quot;:&quot;manual-endless&quot;,&quot;autoplay_stopper&quot;:false,&quot;noNavigation&quot;:false,&quot;bg_slider&quot;:false,&quot;keep_padding&quot;:false,&quot;hoverpause&quot;:false,&quot;show_slide_delay&quot;:0}\"  itemprop=\"image\" itemscope=\"itemscope\" itemtype=\"https:\/\/schema.org\/ImageObject\" ><ul class='avia-slideshow-inner ' style='padding-bottom: 33.59375%;'><li  class='avia-slideshow-slide av-olkim-d38665dce4d673d45a51bf706907f69b__0  av-single-slide slide-1 slide-odd'><div data-rel='slideshow-1' class='avia-slide-wrap '   ><img decoding=\"async\" fetchpriority=\"high\" class=\"wp-image-520 avia-img-lazy-loading-not-520\"  src=\"http:\/\/limtravelone.it\/wp-content\/uploads\/2025\/03\/individuali-1280x430.jpg\" width=\"1280\" height=\"430\" title='viaggi individuali' alt=''  itemprop=\"thumbnailUrl\"   \/><\/div><\/li><\/ul><\/div><\/div><div id='after_full_slider_1'  class='main_color av_default_container_wrap container_wrap fullsize'  ><div class='container av-section-cont-open' ><div class='template-page content  av-content-full alpha units'><div class='post-entry post-entry-type-page post-entry-910'><div class='entry-content-wrapper clearfix'>\n\n<style type=\"text\/css\" data-created_by=\"avia_inline_auto\" id=\"style-css-av-m88yy88f-6a994ff53223999d165fdaf2c844ba77\">\n#top .av-special-heading.av-m88yy88f-6a994ff53223999d165fdaf2c844ba77{\npadding-bottom:10px;\n}\nbody .av-special-heading.av-m88yy88f-6a994ff53223999d165fdaf2c844ba77 .av-special-heading-tag .heading-char{\nfont-size:25px;\n}\n.av-special-heading.av-m88yy88f-6a994ff53223999d165fdaf2c844ba77 .av-subheading{\nfont-size:15px;\n}\n<\/style>\n<div  class='av-special-heading av-m88yy88f-6a994ff53223999d165fdaf2c844ba77 av-special-heading-h3 blockquote modern-quote modern-centered  avia-builder-el-1  el_after_av_slideshow_full  el_before_av_three_fifth  avia-builder-el-first '><h3 class='av-special-heading-tag '  itemprop=\"headline\"  >INDIVIDUALTOURISMUS<\/h3><div class=\"special-heading-border\"><div class=\"special-heading-inner-border\"><\/div><\/div><\/div>\n<div  class='flex_column av-glqmu-a16272ca42120494ee3995da7b17a57b av_three_fifth  avia-builder-el-2  el_after_av_heading  el_before_av_three_fifth  first flex_column_div  '     ><section  class='av_textblock_section av-m88yywhw-056c7593e28f90f1b0099c2cd5928677 '   itemscope=\"itemscope\" itemtype=\"https:\/\/schema.org\/CreativeWork\" ><div class='avia_textblock'  itemprop=\"text\" ><p data-start=\"171\" data-end=\"219\"><strong data-start=\"171\" data-end=\"217\">Jeder Kunde ist unser Gast!<\/strong><\/p>\n<p data-start=\"221\" data-end=\"559\">F\u00fcr diejenigen, die gerne autonom reisen, bieten wir eine breite Palette an ma\u00dfgeschneiderten L\u00f6sungen, die darauf ausgelegt sind, jedes Bed\u00fcrfnis und jeden Wunsch zu erf\u00fcllen. Von kulturellen Erlebnissen \u00fcber Luxusaufenthalte, von gastronomischen Touren bis hin zu Roadtrips \u2013 jedes Angebot wird bis ins kleinste Detail ausgearbeitet, um Ihnen eine exklusive und unvergessliche Reise zu garantieren.<\/p>\n<p data-start=\"221\" data-end=\"559\">\n<p data-start=\"221\" data-end=\"559\">Egal, ob Sie nach Entspannung, Abenteuer, Kultur oder gastronomischen Erlebnissen suchen, wir helfen Ihnen, die perfekte Reise zu gestalten, ma\u00dfgeschneidert f\u00fcr Sie oder Ihre Kunden!<\/p>\n<\/div><\/section><\/div><div  class='flex_column av-8vnty-63d148648e94a91ba8bf58f9fb14431f av_three_fifth  avia-builder-el-4  el_after_av_three_fifth  avia-builder-el-last  first flex_column_div  '     ><section  class='av_textblock_section av-m88yzhza-61de6c601330f162a26aa34db4986993 '   itemscope=\"itemscope\" itemtype=\"https:\/\/schema.org\/CreativeWork\" ><div class='avia_textblock'  itemprop=\"text\" ><h3 data-start=\"561\" data-end=\"610\"><strong data-start=\"565\" data-end=\"608\">Unsere Vorschl\u00e4ge f\u00fcr ma\u00dfgeschneiderte Reisen<\/strong><\/h3>\n<ul data-start=\"612\" data-end=\"2590\">\n<li data-start=\"612\" data-end=\"751\">\n<p data-start=\"614\" data-end=\"751\"><strong data-start=\"614\" data-end=\"637\"> Exklusive Aufenthalte<br data-start=\"637\" data-end=\"640\"><\/strong> Luxus Hotels, Resorts, Residenzen, Schl\u00f6ssern, Villen f\u00fcr einen Urlaub oder ein erholsames Wochenendee.<\/p>\n<\/li>\n<li data-start=\"753\" data-end=\"925\">\n<p data-start=\"755\" data-end=\"925\"><strong data-start=\"755\" data-end=\"778\">Exklusive Aufenthalte<br data-start=\"778\" data-end=\"781\"><\/strong> Luxus Hotels, Resorts, Residenzen, Schl\u00f6ssern, Villen f\u00fcr einen Urlaub oder ein erholsames Wochenendee.<\/p>\n<\/li>\n<li data-start=\"927\" data-end=\"1085\">\n<p data-start=\"929\" data-end=\"1085\"><strong data-start=\"929\" data-end=\"944\"> Fly and drive<br data-start=\"944\" data-end=\"947\"><\/strong> Ein Urlaub in totaler Freiheit f\u00fcr Reisende, die Liebe und einen freihen Sinn f\u00fcr das Abente\u00fcr haben.<\/p>\n<\/li>\n<li data-start=\"1087\" data-end=\"1223\">\n<p data-start=\"1089\" data-end=\"1223\"><strong data-start=\"1089\" data-end=\"1113\">Agriturismus und und Unterk\u00fcnfte auf dem Ba\u00fcrnhof<br data-start=\"1113\" data-end=\"1116\"><\/strong> Ein Urlaub in Kontakt mit der Natur, entfernt von der Schnelligkeit der Stadt &#8230; ohne aber die<br \/> Kompromisse des Komfort dabei nicht zu vergessen<\/p>\n<\/li>\n<li data-start=\"1225\" data-end=\"1413\">\n<p data-start=\"1227\" data-end=\"1413\"><strong data-start=\"1227\" data-end=\"1252\">Urlaub mit Haustieren<br data-start=\"1252\" data-end=\"1255\"><\/strong> F\u00fcr diejenigen, die Liebe zu Hause, ohne Ihren Hund oder Katze reisen &#8230; ausgew\u00e4hlten Einrichtungen, die<br \/> Ihren 4-beinigen Freund akzeptieren<\/p>\n<\/li>\n<li data-start=\"1415\" data-end=\"1559\">\n<p data-start=\"1417\" data-end=\"1559\"><strong data-start=\"1417\" data-end=\"1434\">Shopping tour<\/strong><br data-start=\"1434\" data-end=\"1437\">Entdecken Sie das Einkaufs-Oasen, darunter Outlets in den schoensten Staedten Italiens mit den besten<br \/> Einkaufszentren<\/p>\n<\/li>\n<li data-start=\"1561\" data-end=\"1725\">\n<p data-start=\"1563\" data-end=\"1725\"><strong data-start=\"1563\" data-end=\"1585\">Private Ausfl\u00fcge<br data-start=\"1585\" data-end=\"1588\"><\/strong> Private Reiseleiter und Fahrer zur Verf\u00fcgung f\u00fcr ein Reiseerlebnis massgeschneidert<\/p>\n<\/li>\n<li data-start=\"1727\" data-end=\"1908\">\n<p data-start=\"1729\" data-end=\"1908\"><strong data-start=\"1729\" data-end=\"1765\">Private Transfers und Luxus<br data-start=\"1765\" data-end=\"1768\"><\/strong> Autos, Limousinen, Oldtimer, Hubschrauber, Boote mit professionellen Fahrer, um ihre Ziele garantiert,<br \/> beq\u00fcm und schnell zu erreichen<\/p>\n<\/li>\n<li data-start=\"1910\" data-end=\"2075\">\n<p data-start=\"1912\" data-end=\"2075\"><strong data-start=\"1912\" data-end=\"1942\">Vermietung von Yachten und Schnellbooten<br data-start=\"1942\" data-end=\"1945\"><\/strong>Mit oder ohne Besatzung k\u00f6nnen Sie die mediterrane Sch\u00f6nheit seiner K\u00fcsten bei exklusiven Kreuzfahrten entdecken.<\/p>\n<\/li>\n<li data-start=\"2077\" data-end=\"2246\">\n<p data-start=\"2079\" data-end=\"2246\"><strong data-start=\"2079\" data-end=\"2103\">Enogastronomische Weintouren<br data-start=\"2103\" data-end=\"2106\"><\/strong> D\u00fcfte und Aromas der italienischen K\u00fcche, Weinbergen, Olivenhainen und gutes Essen, Wir entdecken alle<br \/> Insider Tips f\u00fcr Sie<\/p>\n<\/li>\n<li data-start=\"2248\" data-end=\"2420\">\n<p data-start=\"2250\" data-end=\"2420\"><strong data-start=\"2250\" data-end=\"2283\">Kochkurse<br data-start=\"2283\" data-end=\"2286\"><\/strong> F\u00fcr diejenigen, die italienische K\u00fcche lieben und Rezepte und die Geschmaecker mit nach Hause nehmen<br \/>wollen, bieten wir Kochkurse mit den typischen Gerichten in jeder Region an&#8230;<\/p>\n<\/li>\n<li data-start=\"2422\" data-end=\"2590\">\n<p data-start=\"2424\" data-end=\"2590\"><strong data-start=\"2424\" data-end=\"2446\">Sommelierkurse<br data-start=\"2446\" data-end=\"2449\"><\/strong> F\u00fcr Die Liebhaber des guten Weines, die ihre Kenntnisse verbessern wollen, bieten unsere Sommeliers den<br \/>Gaesten an, diesen besser zu erkennen, zu servieren und wie man den Wein am besten abbinieren und<br \/>geniessen kann M\u00f6chten Sie heiraten &#8230;.<\/p>\n<\/li>\n<\/ul>\n<\/div><\/section><\/div><\/p>\n","protected":false},"excerpt":{"rendered":"","protected":false},"author":1,"featured_media":0,"parent":0,"menu_order":0,"comment_status":"closed","ping_status":"closed","template":"","meta":{"footnotes":""},"class_list":["post-910","page","type-page","status-publish","hentry"],"yoast_head":"<!-- This site is optimized with the Yoast SEO plugin v27.6 - https:\/\/yoast.com\/product\/yoast-seo-wordpress\/ -->\n<title>INDIVIDUALTOURISMUS - LIMTRAVELONE<\/title>\n<meta name=\"robots\" content=\"index, follow, max-snippet:-1, max-image-preview:large, max-video-preview:-1\" \/>\n<link rel=\"canonical\" href=\"http:\/\/limtravelone.it\/de\/individualtourismus\/\" \/>\n<meta property=\"og:locale\" content=\"de_DE\" \/>\n<meta property=\"og:type\" content=\"article\" \/>\n<meta property=\"og:title\" content=\"INDIVIDUALTOURISMUS - LIMTRAVELONE\" \/>\n<meta property=\"og:url\" content=\"http:\/\/limtravelone.it\/de\/individualtourismus\/\" \/>\n<meta property=\"og:site_name\" content=\"LIMTRAVELONE\" \/>\n<meta property=\"article:modified_time\" content=\"2025-04-01T10:33:59+00:00\" \/>\n<meta name=\"twitter:card\" content=\"summary_large_image\" \/>\n<meta name=\"twitter:label1\" content=\"Gesch\u00e4tzte Lesezeit\" \/>\n\t<meta name=\"twitter:data1\" content=\"10\u00a0Minuten\" \/>\n<script type=\"application\/ld+json\" class=\"yoast-schema-graph\">{\"@context\":\"https:\\\/\\\/schema.org\",\"@graph\":[{\"@type\":\"WebPage\",\"@id\":\"http:\\\/\\\/limtravelone.it\\\/de\\\/individualtourismus\\\/\",\"url\":\"http:\\\/\\\/limtravelone.it\\\/de\\\/individualtourismus\\\/\",\"name\":\"INDIVIDUALTOURISMUS - LIMTRAVELONE\",\"isPartOf\":{\"@id\":\"https:\\\/\\\/limtravelone.it\\\/de\\\/#website\"},\"datePublished\":\"2025-03-14T10:16:26+00:00\",\"dateModified\":\"2025-04-01T10:33:59+00:00\",\"breadcrumb\":{\"@id\":\"http:\\\/\\\/limtravelone.it\\\/de\\\/individualtourismus\\\/#breadcrumb\"},\"inLanguage\":\"de\",\"potentialAction\":[{\"@type\":\"ReadAction\",\"target\":[\"http:\\\/\\\/limtravelone.it\\\/de\\\/individualtourismus\\\/\"]}]},{\"@type\":\"BreadcrumbList\",\"@id\":\"http:\\\/\\\/limtravelone.it\\\/de\\\/individualtourismus\\\/#breadcrumb\",\"itemListElement\":[{\"@type\":\"ListItem\",\"position\":1,\"name\":\"Home\",\"item\":\"http:\\\/\\\/limtravelone.it\\\/de\\\/\"},{\"@type\":\"ListItem\",\"position\":2,\"name\":\"INDIVIDUALTOURISMUS\"}]},{\"@type\":\"WebSite\",\"@id\":\"https:\\\/\\\/limtravelone.it\\\/de\\\/#website\",\"url\":\"https:\\\/\\\/limtravelone.it\\\/de\\\/\",\"name\":\"LIMTRAVELONE\",\"description\":\"Incoming Tour Operator\",\"publisher\":{\"@id\":\"https:\\\/\\\/limtravelone.it\\\/de\\\/#organization\"},\"potentialAction\":[{\"@type\":\"SearchAction\",\"target\":{\"@type\":\"EntryPoint\",\"urlTemplate\":\"https:\\\/\\\/limtravelone.it\\\/de\\\/?s={search_term_string}\"},\"query-input\":{\"@type\":\"PropertyValueSpecification\",\"valueRequired\":true,\"valueName\":\"search_term_string\"}}],\"inLanguage\":\"de\"},{\"@type\":\"Organization\",\"@id\":\"https:\\\/\\\/limtravelone.it\\\/de\\\/#organization\",\"name\":\"LIMTRAVELONE\",\"url\":\"https:\\\/\\\/limtravelone.it\\\/de\\\/\",\"logo\":{\"@type\":\"ImageObject\",\"inLanguage\":\"de\",\"@id\":\"https:\\\/\\\/limtravelone.it\\\/de\\\/#\\\/schema\\\/logo\\\/image\\\/\",\"url\":\"http:\\\/\\\/limtravelone.it\\\/wp-content\\\/uploads\\\/2025\\\/03\\\/LOGO-1.png\",\"contentUrl\":\"http:\\\/\\\/limtravelone.it\\\/wp-content\\\/uploads\\\/2025\\\/03\\\/LOGO-1.png\",\"width\":251,\"height\":366,\"caption\":\"LIMTRAVELONE\"},\"image\":{\"@id\":\"https:\\\/\\\/limtravelone.it\\\/de\\\/#\\\/schema\\\/logo\\\/image\\\/\"}}]}<\/script>\n<!-- \/ Yoast SEO plugin. -->","yoast_head_json":{"title":"INDIVIDUALTOURISMUS - LIMTRAVELONE","robots":{"index":"index","follow":"follow","max-snippet":"max-snippet:-1","max-image-preview":"max-image-preview:large","max-video-preview":"max-video-preview:-1"},"canonical":"http:\/\/limtravelone.it\/de\/individualtourismus\/","og_locale":"de_DE","og_type":"article","og_title":"INDIVIDUALTOURISMUS - LIMTRAVELONE","og_url":"http:\/\/limtravelone.it\/de\/individualtourismus\/","og_site_name":"LIMTRAVELONE","article_modified_time":"2025-04-01T10:33:59+00:00","twitter_card":"summary_large_image","twitter_misc":{"Gesch\u00e4tzte Lesezeit":"10\u00a0Minuten"},"schema":{"@context":"https:\/\/schema.org","@graph":[{"@type":"WebPage","@id":"http:\/\/limtravelone.it\/de\/individualtourismus\/","url":"http:\/\/limtravelone.it\/de\/individualtourismus\/","name":"INDIVIDUALTOURISMUS - LIMTRAVELONE","isPartOf":{"@id":"https:\/\/limtravelone.it\/de\/#website"},"datePublished":"2025-03-14T10:16:26+00:00","dateModified":"2025-04-01T10:33:59+00:00","breadcrumb":{"@id":"http:\/\/limtravelone.it\/de\/individualtourismus\/#breadcrumb"},"inLanguage":"de","potentialAction":[{"@type":"ReadAction","target":["http:\/\/limtravelone.it\/de\/individualtourismus\/"]}]},{"@type":"BreadcrumbList","@id":"http:\/\/limtravelone.it\/de\/individualtourismus\/#breadcrumb","itemListElement":[{"@type":"ListItem","position":1,"name":"Home","item":"http:\/\/limtravelone.it\/de\/"},{"@type":"ListItem","position":2,"name":"INDIVIDUALTOURISMUS"}]},{"@type":"WebSite","@id":"https:\/\/limtravelone.it\/de\/#website","url":"https:\/\/limtravelone.it\/de\/","name":"LIMTRAVELONE","description":"Incoming Tour Operator","publisher":{"@id":"https:\/\/limtravelone.it\/de\/#organization"},"potentialAction":[{"@type":"SearchAction","target":{"@type":"EntryPoint","urlTemplate":"https:\/\/limtravelone.it\/de\/?s={search_term_string}"},"query-input":{"@type":"PropertyValueSpecification","valueRequired":true,"valueName":"search_term_string"}}],"inLanguage":"de"},{"@type":"Organization","@id":"https:\/\/limtravelone.it\/de\/#organization","name":"LIMTRAVELONE","url":"https:\/\/limtravelone.it\/de\/","logo":{"@type":"ImageObject","inLanguage":"de","@id":"https:\/\/limtravelone.it\/de\/#\/schema\/logo\/image\/","url":"http:\/\/limtravelone.it\/wp-content\/uploads\/2025\/03\/LOGO-1.png","contentUrl":"http:\/\/limtravelone.it\/wp-content\/uploads\/2025\/03\/LOGO-1.png","width":251,"height":366,"caption":"LIMTRAVELONE"},"image":{"@id":"https:\/\/limtravelone.it\/de\/#\/schema\/logo\/image\/"}}]}},"_links":{"self":[{"href":"http:\/\/limtravelone.it\/de\/wp-json\/wp\/v2\/pages\/910","targetHints":{"allow":["GET"]}}],"collection":[{"href":"http:\/\/limtravelone.it\/de\/wp-json\/wp\/v2\/pages"}],"about":[{"href":"http:\/\/limtravelone.it\/de\/wp-json\/wp\/v2\/types\/page"}],"author":[{"embeddable":true,"href":"http:\/\/limtravelone.it\/de\/wp-json\/wp\/v2\/users\/1"}],"replies":[{"embeddable":true,"href":"http:\/\/limtravelone.it\/de\/wp-json\/wp\/v2\/comments?post=910"}],"version-history":[{"count":2,"href":"http:\/\/limtravelone.it\/de\/wp-json\/wp\/v2\/pages\/910\/revisions"}],"predecessor-version":[{"id":912,"href":"http:\/\/limtravelone.it\/de\/wp-json\/wp\/v2\/pages\/910\/revisions\/912"}],"wp:attachment":[{"href":"http:\/\/limtravelone.it\/de\/wp-json\/wp\/v2\/media?parent=910"}],"curies":[{"name":"wp","href":"https:\/\/api.w.org\/{rel}","templated":true}]}}