{"id":916,"date":"2025-03-14T12:30:48","date_gmt":"2025-03-14T11:30:48","guid":{"rendered":"https:\/\/limtravelone.it\/unsere-dienstleistungen\/"},"modified":"2025-04-01T12:37:34","modified_gmt":"2025-04-01T11:37:34","slug":"unsere-dienstleistungen","status":"publish","type":"page","link":"http:\/\/limtravelone.it\/de\/unsere-dienstleistungen\/","title":{"rendered":"Unsere Dienstleistungen"},"content":{"rendered":"\n<style type=\"text\/css\" data-created_by=\"avia_inline_auto\" id=\"style-css-av-m88xeiyh-a10194966428900b29ff501618137ad7\">\n.av-horizontal-gallery.av-m88xeiyh-a10194966428900b29ff501618137ad7 .av-horizontal-gallery-inner{\npadding-bottom:25%;\n}\n<\/style>\n<div  class='av-horizontal-gallery av-m88xeiyh-a10194966428900b29ff501618137ad7 av-horizontal-gallery-no-gap av-horizontal-gallery--effect  avia-builder-el-0  el_before_av_heading  avia-builder-el-first  av-slideshow-ui av-control-hidden av-no-slider-navigation av-hide-nav-arrows av-slideshow-autoplay av-loop-endless av-loop-manual-once av-horizontal-gallery-1' data-slideshow-data=\"{&quot;animation&quot;:&quot;slide&quot;,&quot;autoplay&quot;:true,&quot;loop_autoplay&quot;:&quot;endless&quot;,&quot;interval&quot;:3,&quot;loop_manual&quot;:&quot;manual-once&quot;,&quot;autoplay_stopper&quot;:false,&quot;noNavigation&quot;:true,&quot;bg_slider&quot;:false,&quot;keep_padding&quot;:&quot;&quot;,&quot;hoverpause&quot;:false,&quot;show_slide_delay&quot;:0}\"  itemprop=\"image\" itemscope=\"itemscope\" itemtype=\"https:\/\/schema.org\/ImageObject\" ><div class='avia-slideshow-arrows avia-slideshow-controls' ><a href='#prev' class='prev-slide av-horizontal-gallery-prev' aria-hidden='true' data-av_icon='\ue87c' data-av_iconfont='entypo-fontello'  tabindex='-1'>Zur\u00fcck<\/a><a href='#next' class='next-slide av-horizontal-gallery-next' aria-hidden='true' data-av_icon='\ue87d' data-av_iconfont='entypo-fontello'  tabindex='-1'>Weiter<\/a><\/div><div class='avia-slideshow-dots avia-slideshow-controls av-horizontal-gallery-dots fade-in'><a href='#1' class='goto-slide active' >1<\/a><a href='#2' class='goto-slide ' >2<\/a><a href='#3' class='goto-slide ' >3<\/a><a href='#4' class='goto-slide ' >4<\/a><a href='#5' class='goto-slide ' >5<\/a><a href='#6' class='goto-slide ' >6<\/a><a href='#7' class='goto-slide ' >7<\/a><a href='#8' class='goto-slide ' >8<\/a><a href='#9' class='goto-slide ' >9<\/a><\/div><div class='av-horizontal-gallery-inner' data-av-height='25'><div class=\"av-horizontal-gallery-slider\"><div class=\"av-horizontal-gallery-wrap noHover\"><img decoding=\"async\" fetchpriority=\"high\" class='wp-image-447 avia-img-lazy-loading-not-447 av-horizontal-gallery-img' width=\"427\" height=\"400\" src=\"http:\/\/limtravelone.it\/wp-content\/uploads\/2025\/03\/gondola-venezia-427x400.jpg\" title='venezia' alt='' \/><a href=\"http:\/\/limtravelone.it\/wp-content\/uploads\/2025\/03\/gondola-venezia.jpg\" data-srcset=\"http:\/\/limtravelone.it\/wp-content\/uploads\/2025\/03\/gondola-venezia.jpg 427w, http:\/\/limtravelone.it\/wp-content\/uploads\/2025\/03\/gondola-venezia-200x300.jpg 200w\" data-sizes=\"(max-width: 427px) 100vw, 427px\" class='av-horizontal-gallery-link' aria-hidden='true' data-av_icon='\ue869' data-av_iconfont='entypo-fontello' title='venezia' alt=''><\/a><\/div><div class=\"av-horizontal-gallery-wrap noHover\"><img decoding=\"async\" fetchpriority=\"high\" class='wp-image-445 avia-img-lazy-loading-not-445 av-horizontal-gallery-img' width=\"426\" height=\"400\" src=\"http:\/\/limtravelone.it\/wp-content\/uploads\/2025\/03\/leaning-tower-of-pisa-426x400.jpg\" title='pisa' alt='' \/><a href=\"http:\/\/limtravelone.it\/wp-content\/uploads\/2025\/03\/leaning-tower-of-pisa.jpg\" data-srcset=\"http:\/\/limtravelone.it\/wp-content\/uploads\/2025\/03\/leaning-tower-of-pisa.jpg 426w, http:\/\/limtravelone.it\/wp-content\/uploads\/2025\/03\/leaning-tower-of-pisa-200x300.jpg 200w\" data-sizes=\"(max-width: 426px) 100vw, 426px\" class='av-horizontal-gallery-link' aria-hidden='true' data-av_icon='\ue869' data-av_iconfont='entypo-fontello' title='pisa' alt=''><\/a><\/div><div class=\"av-horizontal-gallery-wrap noHover\"><img decoding=\"async\" fetchpriority=\"high\" class='wp-image-443 avia-img-lazy-loading-not-443 av-horizontal-gallery-img' width=\"425\" height=\"400\" src=\"http:\/\/limtravelone.it\/wp-content\/uploads\/2025\/03\/yacht-425x400.jpg\" title='yacht' alt='' \/><a href=\"http:\/\/limtravelone.it\/wp-content\/uploads\/2025\/03\/yacht.jpg\" data-srcset=\"http:\/\/limtravelone.it\/wp-content\/uploads\/2025\/03\/yacht.jpg 425w, http:\/\/limtravelone.it\/wp-content\/uploads\/2025\/03\/yacht-199x300.jpg 199w\" data-sizes=\"(max-width: 425px) 100vw, 425px\" class='av-horizontal-gallery-link' aria-hidden='true' data-av_icon='\ue869' data-av_iconfont='entypo-fontello' title='yacht' alt=''><\/a><\/div><div class=\"av-horizontal-gallery-wrap noHover\"><img decoding=\"async\" fetchpriority=\"high\" class='wp-image-435 avia-img-lazy-loading-not-435 av-horizontal-gallery-img' width=\"495\" height=\"400\" src=\"http:\/\/limtravelone.it\/wp-content\/uploads\/2025\/03\/gruppo-495x400.jpg\" title='gruppo ragazzi' alt='' \/><a href=\"http:\/\/limtravelone.it\/wp-content\/uploads\/2025\/03\/gruppo.jpg\" data-srcset=\"http:\/\/limtravelone.it\/wp-content\/uploads\/2025\/03\/gruppo.jpg 640w, http:\/\/limtravelone.it\/wp-content\/uploads\/2025\/03\/gruppo-300x200.jpg 300w\" data-sizes=\"(max-width: 640px) 100vw, 640px\" class='av-horizontal-gallery-link' aria-hidden='true' data-av_icon='\ue869' data-av_iconfont='entypo-fontello' title='gruppo ragazzi' alt=''><\/a><\/div><div class=\"av-horizontal-gallery-wrap noHover\"><img decoding=\"async\" fetchpriority=\"high\" class='wp-image-437 avia-img-lazy-loading-not-437 av-horizontal-gallery-img' width=\"495\" height=\"400\" src=\"http:\/\/limtravelone.it\/wp-content\/uploads\/2025\/03\/individuale-495x400.jpg\" title='tour individuale' alt='' \/><a href=\"http:\/\/limtravelone.it\/wp-content\/uploads\/2025\/03\/individuale.jpg\" data-srcset=\"http:\/\/limtravelone.it\/wp-content\/uploads\/2025\/03\/individuale.jpg 640w, http:\/\/limtravelone.it\/wp-content\/uploads\/2025\/03\/individuale-300x200.jpg 300w\" data-sizes=\"(max-width: 640px) 100vw, 640px\" class='av-horizontal-gallery-link' aria-hidden='true' data-av_icon='\ue869' data-av_iconfont='entypo-fontello' title='tour individuale' alt=''><\/a><\/div><div class=\"av-horizontal-gallery-wrap noHover\"><img decoding=\"async\" fetchpriority=\"high\" class='wp-image-433 avia-img-lazy-loading-not-433 av-horizontal-gallery-img' width=\"495\" height=\"400\" src=\"http:\/\/limtravelone.it\/wp-content\/uploads\/2025\/03\/conference-room-495x400.jpg\" title='Meeting' alt='' \/><a href=\"http:\/\/limtravelone.it\/wp-content\/uploads\/2025\/03\/conference-room.jpg\" data-srcset=\"http:\/\/limtravelone.it\/wp-content\/uploads\/2025\/03\/conference-room.jpg 640w, http:\/\/limtravelone.it\/wp-content\/uploads\/2025\/03\/conference-room-300x200.jpg 300w\" data-sizes=\"(max-width: 640px) 100vw, 640px\" class='av-horizontal-gallery-link' aria-hidden='true' data-av_icon='\ue869' data-av_iconfont='entypo-fontello' title='Meeting' alt=''><\/a><\/div><div class=\"av-horizontal-gallery-wrap noHover\"><img decoding=\"async\" fetchpriority=\"high\" class='wp-image-431 avia-img-lazy-loading-not-431 av-horizontal-gallery-img' width=\"495\" height=\"400\" src=\"http:\/\/limtravelone.it\/wp-content\/uploads\/2025\/03\/wedding-495x400.jpg\" title='wedding' alt='' \/><a href=\"http:\/\/limtravelone.it\/wp-content\/uploads\/2025\/03\/wedding.jpg\" data-srcset=\"http:\/\/limtravelone.it\/wp-content\/uploads\/2025\/03\/wedding.jpg 640w, http:\/\/limtravelone.it\/wp-content\/uploads\/2025\/03\/wedding-300x200.jpg 300w\" data-sizes=\"(max-width: 640px) 100vw, 640px\" class='av-horizontal-gallery-link' aria-hidden='true' data-av_icon='\ue869' data-av_iconfont='entypo-fontello' title='wedding' alt=''><\/a><\/div><div class=\"av-horizontal-gallery-wrap noHover\"><img decoding=\"async\" fetchpriority=\"high\" class='wp-image-429 avia-img-lazy-loading-not-429 av-horizontal-gallery-img' width=\"426\" height=\"282\" src=\"http:\/\/limtravelone.it\/wp-content\/uploads\/2025\/03\/salaconferenze.jpg\" title='conference hall' alt='' srcset=\"http:\/\/limtravelone.it\/wp-content\/uploads\/2025\/03\/salaconferenze.jpg 426w, http:\/\/limtravelone.it\/wp-content\/uploads\/2025\/03\/salaconferenze-300x199.jpg 300w\" sizes=\"(max-width: 426px) 100vw, 426px\" \/><a href=\"http:\/\/limtravelone.it\/wp-content\/uploads\/2025\/03\/salaconferenze.jpg\" data-srcset=\"http:\/\/limtravelone.it\/wp-content\/uploads\/2025\/03\/salaconferenze.jpg 426w, http:\/\/limtravelone.it\/wp-content\/uploads\/2025\/03\/salaconferenze-300x199.jpg 300w\" data-sizes=\"(max-width: 426px) 100vw, 426px\" class='av-horizontal-gallery-link' aria-hidden='true' data-av_icon='\ue869' data-av_iconfont='entypo-fontello' title='conference hall' alt=''><\/a><\/div><div class=\"av-horizontal-gallery-wrap noHover\"><img decoding=\"async\" fetchpriority=\"high\" class='wp-image-427 avia-img-lazy-loading-not-427 av-horizontal-gallery-img' width=\"495\" height=\"400\" src=\"http:\/\/limtravelone.it\/wp-content\/uploads\/2025\/03\/Sorrento-from-sea-495x400.jpg\" title='Sorrento from sea' alt='' \/><a href=\"http:\/\/limtravelone.it\/wp-content\/uploads\/2025\/03\/Sorrento-from-sea-1030x578.jpg\" data-srcset=\"http:\/\/limtravelone.it\/wp-content\/uploads\/2025\/03\/Sorrento-from-sea-1030x578.jpg 1030w, http:\/\/limtravelone.it\/wp-content\/uploads\/2025\/03\/Sorrento-from-sea-300x168.jpg 300w, http:\/\/limtravelone.it\/wp-content\/uploads\/2025\/03\/Sorrento-from-sea-768x431.jpg 768w, http:\/\/limtravelone.it\/wp-content\/uploads\/2025\/03\/Sorrento-from-sea-705x396.jpg 705w, http:\/\/limtravelone.it\/wp-content\/uploads\/2025\/03\/Sorrento-from-sea.jpg 1178w\" data-sizes=\"(max-width: 1030px) 100vw, 1030px\" class='av-horizontal-gallery-link' aria-hidden='true' data-av_icon='\ue869' data-av_iconfont='entypo-fontello' title='Sorrento from sea' alt=''><\/a><\/div><\/div><\/div><\/div>\n\n<style type=\"text\/css\" data-created_by=\"avia_inline_auto\" id=\"style-css-av-m88xkuj8-b2bf6793d2e2b27d4a9be268667b80a2\">\n#top .av-special-heading.av-m88xkuj8-b2bf6793d2e2b27d4a9be268667b80a2{\npadding-bottom:10px;\n}\nbody .av-special-heading.av-m88xkuj8-b2bf6793d2e2b27d4a9be268667b80a2 .av-special-heading-tag .heading-char{\nfont-size:25px;\n}\n.av-special-heading.av-m88xkuj8-b2bf6793d2e2b27d4a9be268667b80a2 .av-subheading{\nfont-size:15px;\n}\n<\/style>\n<div  class='av-special-heading av-m88xkuj8-b2bf6793d2e2b27d4a9be268667b80a2 av-special-heading-h2 blockquote modern-quote  avia-builder-el-1  el_after_av_horizontal_gallery  el_before_av_textblock  avia-builder-el-first '><h2 class='av-special-heading-tag '  itemprop=\"headline\"  >Unsere Dienstleistungen<\/h2><div class=\"special-heading-border\"><div class=\"special-heading-inner-border\"><\/div><\/div><\/div>\n<section  class='av_textblock_section av-m88p73o8-170334078e30662dd1b6c56215b6d7dc '   itemscope=\"itemscope\" itemtype=\"https:\/\/schema.org\/CreativeWork\" ><div class='avia_textblock'  itemprop=\"text\" ><p data-start=\"108\" data-end=\"488\"><strong data-start=\"108\" data-end=\"235\">Die Dienstleistungen von LimTravelOne sind darauf ausgelegt, ma\u00dfgeschneiderte und hochwertige Reiseerlebnisse in ganz Italien anzubieten.<\/strong> Vom Charme der Kunstst\u00e4dte bis zu den kleinen D\u00f6rfern voller Geschichte, von den renommierten Kurorten bis zu den wundersch\u00f6nen Strand- und Bergdestinationen \u2013 jedes Angebot wird sorgf\u00e4ltig geplant, um Komfort, Authentizit\u00e4t und eine makellose Organisation zu garantire.<\/p>\n<p data-start=\"490\" data-end=\"699\">Dank unserer Erfahrung und der tiefen Kenntnis des Landes k\u00f6nnen wir ma\u00dfgeschneiderte L\u00f6sungen anbieten, die darauf ausgelegt sind, jedes <strong data-start=\"590\" data-end=\"613\">Bed\u00fcrfnis mit Professionalit\u00e4t<\/strong> und Liebe zum Detail zu erf\u00fcllen.<\/p>\n<p data-start=\"490\" data-end=\"699\">Ein grundlegendes Element unseres Erfolgs ist die Zuverl\u00e4ssigkeit unseres Teams, das stets bereit ist, Ihnen mit Aufmerksamkeit und Verf\u00fcgbarkeit zu helfen. Denn wir sind davon \u00fcberzeugt, dass die Qualit\u00e4t des Service der Schl\u00fcssel ist, um wirklich einzigartige Erlebnisse zu bieten. Wir setzen uns kontinuierlich daf\u00fcr ein, die besten Anbieter der Branche auszuw\u00e4hlen, um so hohe Standards und eine breite Palette an Angeboten zu garantieren, die Exzellenz und Wettbewerbsf\u00e4higkeit vereinen.  <\/p>\n<p data-start=\"854\" data-end=\"887\"><strong data-start=\"854\" data-end=\"885\">Unsere Dienstleistungen umfassen:<\/strong><\/p>\n<ul data-start=\"889\" data-end=\"1728\">\n<li data-start=\"889\" data-end=\"941\"><strong data-start=\"891\" data-end=\"913\">Reisen und Hotelaufenthalte<\/strong> f\u00fcr Individualtourismus<\/li>\n<li data-start=\"942\" data-end=\"995\"><strong data-start=\"944\" data-end=\"964\">Gruppenreisen<\/strong>, ma\u00dfgeschneidert f\u00fcr jedes Bed\u00fcrfnis.<\/li>\n<li data-start=\"996\" data-end=\"1059\"><strong data-start=\"998\" data-end=\"1032\">Meetings, Incentives und Kongresse<\/strong>, mit dedizierter Betreuung.<\/li>\n<li data-start=\"1060\" data-end=\"1112\"><strong data-start=\"1062\" data-end=\"1084\">Private Ausfl\u00fcge<\/strong>, f\u00fcr exklusive Erlebnisse.<\/li>\n<li data-start=\"1113\" data-end=\"1204\"><strong data-start=\"1115\" data-end=\"1169\">Mietservice f\u00fcr Busse, Boote, Schnellboote und Hubschrauber<\/strong>, f\u00fcr jede Transportbed\u00fcrfnis.<\/li>\n<li data-start=\"1205\" data-end=\"1287\"><strong data-start=\"1207\" data-end=\"1244\">Dienstleistungen und Unterst\u00fctzung f\u00fcr Kreuzfahrten<\/strong>, um eine sorgenfreie Reise zu garantieren.<\/li>\n<li data-start=\"1288\" data-end=\"1364\"><strong data-start=\"1290\" data-end=\"1317\">F\u00fchrungs- und Hostessenservice<\/strong>, f\u00fcr professionelle und qualifizierte Unterst\u00fctzung.<\/li>\n<li data-start=\"1365\" data-end=\"1428\"><strong data-start=\"1367\" data-end=\"1398\">Hochzeiten und Hochzeitsreisen<\/strong>, die bis ins kleinste Detail sorgf\u00e4ltig geplant werden.<\/li>\n<li data-start=\"1429\" data-end=\"1514\"><strong data-start=\"1431\" data-end=\"1480\">Organisation von kulturellen und sportlichen Veranstaltungen<\/strong>, f\u00fcr unvergessliche Erlebnisse.<\/li>\n<li data-start=\"1515\" data-end=\"1576\"><strong data-start=\"1517\" data-end=\"1537\">Organisierte Touren<\/strong>, mit sorgf\u00e4ltig ausgearbeiteten Reiserouten.<\/li>\n<li data-start=\"1577\" data-end=\"1659\"><strong data-start=\"1579\" data-end=\"1612\">Koch- und Patisserie-Kurse<\/strong>, um die authentischen Aromen Italiens zu entdecken.<\/li>\n<li data-start=\"1660\" data-end=\"1728\"><strong data-start=\"1662\" data-end=\"1693\">Konzerte und musikalische Veranstaltungen<\/strong>, f\u00fcr einen zus\u00e4tzlichen Hauch von Emotion.<\/li>\n<\/ul>\n<p data-start=\"1730\" data-end=\"1861\">Mit <strong data-start=\"1734\" data-end=\"1750\">LimTravelOne<\/strong> wird jede Reise zu einem einzigartigen Erlebnis, das mit Leidenschaft, Professionalit\u00e4t und Liebe zum Detail gestaltet wird.<\/p>\n<\/div><\/section>\n","protected":false},"excerpt":{"rendered":"","protected":false},"author":1,"featured_media":0,"parent":0,"menu_order":0,"comment_status":"closed","ping_status":"closed","template":"","meta":{"footnotes":""},"class_list":["post-916","page","type-page","status-publish","hentry"],"yoast_head":"<!-- This site is optimized with the Yoast SEO plugin v27.6 - https:\/\/yoast.com\/product\/yoast-seo-wordpress\/ -->\n<title>Die Dienstleistungen von LimTravelOne - LIMTRAVELONE<\/title>\n<meta name=\"description\" content=\"Die Dienstleistungen von LimTravelOne, einem Incoming-Touroperator, der auf ganz Italien spezialisiert ist. Kommen Sie und entdecken Sie unser sch\u00f6nes Italien.\" \/>\n<meta name=\"robots\" content=\"index, follow, max-snippet:-1, max-image-preview:large, max-video-preview:-1\" \/>\n<link rel=\"canonical\" href=\"http:\/\/limtravelone.it\/de\/unsere-dienstleistungen\/\" \/>\n<meta property=\"og:locale\" content=\"de_DE\" \/>\n<meta property=\"og:type\" content=\"article\" \/>\n<meta property=\"og:title\" content=\"Die Dienstleistungen von LimTravelOne - LIMTRAVELONE\" \/>\n<meta property=\"og:description\" content=\"Die Dienstleistungen von LimTravelOne, einem Incoming-Touroperator, der auf ganz Italien spezialisiert ist. Kommen Sie und entdecken Sie unser sch\u00f6nes Italien.\" \/>\n<meta property=\"og:url\" content=\"http:\/\/limtravelone.it\/de\/unsere-dienstleistungen\/\" \/>\n<meta property=\"og:site_name\" content=\"LIMTRAVELONE\" \/>\n<meta property=\"article:modified_time\" content=\"2025-04-01T11:37:34+00:00\" \/>\n<meta name=\"twitter:card\" content=\"summary_large_image\" \/>\n<meta name=\"twitter:label1\" content=\"Gesch\u00e4tzte Lesezeit\" \/>\n\t<meta name=\"twitter:data1\" content=\"4\u00a0Minuten\" \/>\n<script type=\"application\/ld+json\" class=\"yoast-schema-graph\">{\"@context\":\"https:\\\/\\\/schema.org\",\"@graph\":[{\"@type\":\"WebPage\",\"@id\":\"http:\\\/\\\/limtravelone.it\\\/de\\\/unsere-dienstleistungen\\\/\",\"url\":\"http:\\\/\\\/limtravelone.it\\\/de\\\/unsere-dienstleistungen\\\/\",\"name\":\"Die Dienstleistungen von LimTravelOne - LIMTRAVELONE\",\"isPartOf\":{\"@id\":\"https:\\\/\\\/limtravelone.it\\\/de\\\/#website\"},\"datePublished\":\"2025-03-14T11:30:48+00:00\",\"dateModified\":\"2025-04-01T11:37:34+00:00\",\"description\":\"Die Dienstleistungen von LimTravelOne, einem Incoming-Touroperator, der auf ganz Italien spezialisiert ist. Kommen Sie und entdecken Sie unser sch\u00f6nes Italien.\",\"breadcrumb\":{\"@id\":\"http:\\\/\\\/limtravelone.it\\\/de\\\/unsere-dienstleistungen\\\/#breadcrumb\"},\"inLanguage\":\"de\",\"potentialAction\":[{\"@type\":\"ReadAction\",\"target\":[\"http:\\\/\\\/limtravelone.it\\\/de\\\/unsere-dienstleistungen\\\/\"]}]},{\"@type\":\"BreadcrumbList\",\"@id\":\"http:\\\/\\\/limtravelone.it\\\/de\\\/unsere-dienstleistungen\\\/#breadcrumb\",\"itemListElement\":[{\"@type\":\"ListItem\",\"position\":1,\"name\":\"Home\",\"item\":\"http:\\\/\\\/limtravelone.it\\\/de\\\/\"},{\"@type\":\"ListItem\",\"position\":2,\"name\":\"Unsere Dienstleistungen\"}]},{\"@type\":\"WebSite\",\"@id\":\"https:\\\/\\\/limtravelone.it\\\/de\\\/#website\",\"url\":\"https:\\\/\\\/limtravelone.it\\\/de\\\/\",\"name\":\"LIMTRAVELONE\",\"description\":\"Incoming Tour Operator\",\"publisher\":{\"@id\":\"https:\\\/\\\/limtravelone.it\\\/de\\\/#organization\"},\"potentialAction\":[{\"@type\":\"SearchAction\",\"target\":{\"@type\":\"EntryPoint\",\"urlTemplate\":\"https:\\\/\\\/limtravelone.it\\\/de\\\/?s={search_term_string}\"},\"query-input\":{\"@type\":\"PropertyValueSpecification\",\"valueRequired\":true,\"valueName\":\"search_term_string\"}}],\"inLanguage\":\"de\"},{\"@type\":\"Organization\",\"@id\":\"https:\\\/\\\/limtravelone.it\\\/de\\\/#organization\",\"name\":\"LIMTRAVELONE\",\"url\":\"https:\\\/\\\/limtravelone.it\\\/de\\\/\",\"logo\":{\"@type\":\"ImageObject\",\"inLanguage\":\"de\",\"@id\":\"https:\\\/\\\/limtravelone.it\\\/de\\\/#\\\/schema\\\/logo\\\/image\\\/\",\"url\":\"http:\\\/\\\/limtravelone.it\\\/wp-content\\\/uploads\\\/2025\\\/03\\\/LOGO-1.png\",\"contentUrl\":\"http:\\\/\\\/limtravelone.it\\\/wp-content\\\/uploads\\\/2025\\\/03\\\/LOGO-1.png\",\"width\":251,\"height\":366,\"caption\":\"LIMTRAVELONE\"},\"image\":{\"@id\":\"https:\\\/\\\/limtravelone.it\\\/de\\\/#\\\/schema\\\/logo\\\/image\\\/\"}}]}<\/script>\n<!-- \/ Yoast SEO plugin. -->","yoast_head_json":{"title":"Die Dienstleistungen von LimTravelOne - LIMTRAVELONE","description":"Die Dienstleistungen von LimTravelOne, einem Incoming-Touroperator, der auf ganz Italien spezialisiert ist. Kommen Sie und entdecken Sie unser sch\u00f6nes Italien.","robots":{"index":"index","follow":"follow","max-snippet":"max-snippet:-1","max-image-preview":"max-image-preview:large","max-video-preview":"max-video-preview:-1"},"canonical":"http:\/\/limtravelone.it\/de\/unsere-dienstleistungen\/","og_locale":"de_DE","og_type":"article","og_title":"Die Dienstleistungen von LimTravelOne - LIMTRAVELONE","og_description":"Die Dienstleistungen von LimTravelOne, einem Incoming-Touroperator, der auf ganz Italien spezialisiert ist. Kommen Sie und entdecken Sie unser sch\u00f6nes Italien.","og_url":"http:\/\/limtravelone.it\/de\/unsere-dienstleistungen\/","og_site_name":"LIMTRAVELONE","article_modified_time":"2025-04-01T11:37:34+00:00","twitter_card":"summary_large_image","twitter_misc":{"Gesch\u00e4tzte Lesezeit":"4\u00a0Minuten"},"schema":{"@context":"https:\/\/schema.org","@graph":[{"@type":"WebPage","@id":"http:\/\/limtravelone.it\/de\/unsere-dienstleistungen\/","url":"http:\/\/limtravelone.it\/de\/unsere-dienstleistungen\/","name":"Die Dienstleistungen von LimTravelOne - LIMTRAVELONE","isPartOf":{"@id":"https:\/\/limtravelone.it\/de\/#website"},"datePublished":"2025-03-14T11:30:48+00:00","dateModified":"2025-04-01T11:37:34+00:00","description":"Die Dienstleistungen von LimTravelOne, einem Incoming-Touroperator, der auf ganz Italien spezialisiert ist. Kommen Sie und entdecken Sie unser sch\u00f6nes Italien.","breadcrumb":{"@id":"http:\/\/limtravelone.it\/de\/unsere-dienstleistungen\/#breadcrumb"},"inLanguage":"de","potentialAction":[{"@type":"ReadAction","target":["http:\/\/limtravelone.it\/de\/unsere-dienstleistungen\/"]}]},{"@type":"BreadcrumbList","@id":"http:\/\/limtravelone.it\/de\/unsere-dienstleistungen\/#breadcrumb","itemListElement":[{"@type":"ListItem","position":1,"name":"Home","item":"http:\/\/limtravelone.it\/de\/"},{"@type":"ListItem","position":2,"name":"Unsere Dienstleistungen"}]},{"@type":"WebSite","@id":"https:\/\/limtravelone.it\/de\/#website","url":"https:\/\/limtravelone.it\/de\/","name":"LIMTRAVELONE","description":"Incoming Tour Operator","publisher":{"@id":"https:\/\/limtravelone.it\/de\/#organization"},"potentialAction":[{"@type":"SearchAction","target":{"@type":"EntryPoint","urlTemplate":"https:\/\/limtravelone.it\/de\/?s={search_term_string}"},"query-input":{"@type":"PropertyValueSpecification","valueRequired":true,"valueName":"search_term_string"}}],"inLanguage":"de"},{"@type":"Organization","@id":"https:\/\/limtravelone.it\/de\/#organization","name":"LIMTRAVELONE","url":"https:\/\/limtravelone.it\/de\/","logo":{"@type":"ImageObject","inLanguage":"de","@id":"https:\/\/limtravelone.it\/de\/#\/schema\/logo\/image\/","url":"http:\/\/limtravelone.it\/wp-content\/uploads\/2025\/03\/LOGO-1.png","contentUrl":"http:\/\/limtravelone.it\/wp-content\/uploads\/2025\/03\/LOGO-1.png","width":251,"height":366,"caption":"LIMTRAVELONE"},"image":{"@id":"https:\/\/limtravelone.it\/de\/#\/schema\/logo\/image\/"}}]}},"_links":{"self":[{"href":"http:\/\/limtravelone.it\/de\/wp-json\/wp\/v2\/pages\/916","targetHints":{"allow":["GET"]}}],"collection":[{"href":"http:\/\/limtravelone.it\/de\/wp-json\/wp\/v2\/pages"}],"about":[{"href":"http:\/\/limtravelone.it\/de\/wp-json\/wp\/v2\/types\/page"}],"author":[{"embeddable":true,"href":"http:\/\/limtravelone.it\/de\/wp-json\/wp\/v2\/users\/1"}],"replies":[{"embeddable":true,"href":"http:\/\/limtravelone.it\/de\/wp-json\/wp\/v2\/comments?post=916"}],"version-history":[{"count":4,"href":"http:\/\/limtravelone.it\/de\/wp-json\/wp\/v2\/pages\/916\/revisions"}],"predecessor-version":[{"id":920,"href":"http:\/\/limtravelone.it\/de\/wp-json\/wp\/v2\/pages\/916\/revisions\/920"}],"wp:attachment":[{"href":"http:\/\/limtravelone.it\/de\/wp-json\/wp\/v2\/media?parent=916"}],"curies":[{"name":"wp","href":"https:\/\/api.w.org\/{rel}","templated":true}]}}