{"id":904,"date":"2025-03-14T17:29:49","date_gmt":"2025-03-14T15:29:49","guid":{"rendered":"https:\/\/limtravelone.it\/kontakte\/"},"modified":"2025-05-12T18:16:54","modified_gmt":"2025-05-12T16:16:54","slug":"kontakte","status":"publish","type":"page","link":"https:\/\/limtravelone.it\/de\/kontakte\/","title":{"rendered":"Kontakte"},"content":{"rendered":"<div id='full_slider_1'  class='avia-fullwidth-slider main_color avia-shadow   avia-builder-el-0  el_before_av_section  avia-builder-el-first   container_wrap fullsize'  ><div  class='avia-slideshow av-m894ef8l-55ed701edb783fdb0206f23725388b2b avia-slideshow-featured av_slideshow_full avia-fade-slider av-slideshow-ui av-control-default av-slideshow-autoplay av-loop-endless av-loop-manual-endless av-default-height-applied   avia-slideshow-1' data-slideshow-options=\"{&quot;animation&quot;:&quot;fade&quot;,&quot;autoplay&quot;:true,&quot;loop_autoplay&quot;:&quot;endless&quot;,&quot;interval&quot;:2,&quot;loop_manual&quot;:&quot;manual-endless&quot;,&quot;autoplay_stopper&quot;:false,&quot;noNavigation&quot;:false,&quot;bg_slider&quot;:false,&quot;keep_padding&quot;:false,&quot;hoverpause&quot;:false,&quot;show_slide_delay&quot;:0}\"  itemprop=\"image\" itemscope=\"itemscope\" itemtype=\"https:\/\/schema.org\/ImageObject\" ><ul class='avia-slideshow-inner ' style='padding-bottom: 28.666666666667%;'><li  class='avia-slideshow-slide av-m894ef8l-55ed701edb783fdb0206f23725388b2b__0  slide-1 slide-odd'><div data-rel='slideshow-1' class='avia-slide-wrap '   ><img decoding=\"async\" fetchpriority=\"high\" class=\"wp-image-453 avia-img-lazy-loading-not-453\"  src=\"https:\/\/limtravelone.it\/wp-content\/uploads\/2025\/03\/1a-1500x430.jpg\" width=\"1500\" height=\"430\" title='Sorrento from sea' alt=''  itemprop=\"thumbnailUrl\"   \/><\/div><\/li><li  class='avia-slideshow-slide av-m894ef8l-55ed701edb783fdb0206f23725388b2b__1  slide-2 slide-even'><div data-rel='slideshow-1' class='avia-slide-wrap '   ><img decoding=\"async\" fetchpriority=\"high\" class=\"wp-image-451 avia-img-lazy-loading-not-451\"  src=\"https:\/\/limtravelone.it\/wp-content\/uploads\/2025\/03\/1-1500x430.jpg\" width=\"1500\" height=\"430\" title='Sorrento from sea' alt=''  itemprop=\"thumbnailUrl\"   \/><\/div><\/li><li  class='avia-slideshow-slide av-m894ef8l-55ed701edb783fdb0206f23725388b2b__2  slide-3 slide-odd'><div data-rel='slideshow-1' class='avia-slide-wrap '   ><img decoding=\"async\" fetchpriority=\"high\" class=\"wp-image-455 avia-img-lazy-loading-not-455\"  src=\"https:\/\/limtravelone.it\/wp-content\/uploads\/2025\/03\/3-1500x430.jpg\" width=\"1500\" height=\"430\" title='Sorrento from sea' alt=''  itemprop=\"thumbnailUrl\"   \/><\/div><\/li><li  class='avia-slideshow-slide av-m894ef8l-55ed701edb783fdb0206f23725388b2b__3  slide-4 slide-even'><div data-rel='slideshow-1' class='avia-slide-wrap '   ><img decoding=\"async\" fetchpriority=\"high\" class=\"wp-image-457 avia-img-lazy-loading-not-457\"  src=\"https:\/\/limtravelone.it\/wp-content\/uploads\/2025\/03\/4-1500x430.jpg\" width=\"1500\" height=\"430\" title='Sorrento from sea' alt=''  itemprop=\"thumbnailUrl\"   \/><\/div><\/li><\/ul><div class='avia-slideshow-arrows avia-slideshow-controls' ><a href='#prev' class='prev-slide ' aria-hidden='true' data-av_icon='\ue87c' data-av_iconfont='entypo-fontello'  tabindex='-1'>Zur\u00fcck<\/a><a href='#next' class='next-slide ' aria-hidden='true' data-av_icon='\ue87d' data-av_iconfont='entypo-fontello'  tabindex='-1'>Weiter<\/a><\/div><div class='avia-slideshow-dots avia-slideshow-controls'><a href='#1' class='goto-slide active' >1<\/a><a href='#2' class='goto-slide ' >2<\/a><a href='#3' class='goto-slide ' >3<\/a><a href='#4' class='goto-slide ' >4<\/a><\/div><\/div><\/div>\n<div id='av_section_1'  class='avia-section av-lo17u-976daa7a64712fb1b3a4c27b3f928937 main_color avia-section-default avia-no-border-styling  avia-builder-el-1  el_after_av_slideshow_full  el_before_av_section  avia-bg-style-scroll container_wrap fullsize'  ><div class='container av-section-cont-open' ><div class='template-page content  av-content-full alpha units'><div class='post-entry post-entry-type-page post-entry-904'><div class='entry-content-wrapper clearfix'>\n<div  class='flex_column av-eyssy-addadd275a03c55d0c58747e44dd048b av_one_half  avia-builder-el-2  el_before_av_one_half  avia-builder-el-first  first flex_column_div  '     ><p>\n<style type=\"text\/css\" data-created_by=\"avia_inline_auto\" id=\"style-css-av-m8ej4aw9-2ea85e58a5bfa550540ad85e4805cd35\">\n#top .av-special-heading.av-m8ej4aw9-2ea85e58a5bfa550540ad85e4805cd35{\npadding-bottom:10px;\n}\nbody .av-special-heading.av-m8ej4aw9-2ea85e58a5bfa550540ad85e4805cd35 .av-special-heading-tag .heading-char{\nfont-size:25px;\n}\n.av-special-heading.av-m8ej4aw9-2ea85e58a5bfa550540ad85e4805cd35 .av-subheading{\nfont-size:15px;\n}\n<\/style>\n<div  class='av-special-heading av-m8ej4aw9-2ea85e58a5bfa550540ad85e4805cd35 av-special-heading-h2 blockquote modern-quote modern-centered  avia-builder-el-3  el_before_av_textblock  avia-builder-el-first '><h2 class='av-special-heading-tag '  itemprop=\"headline\"  >LimTravelOne-Kontakte<\/h2><div class=\"special-heading-border\"><div class=\"special-heading-inner-border\"><\/div><\/div><\/div><br \/>\n<section  class='av_textblock_section av-m894h2j4-44a67e9ad1126cd4a9f58ad7afb3de17 '   itemscope=\"itemscope\" itemtype=\"https:\/\/schema.org\/CreativeWork\" ><div class='avia_textblock'  itemprop=\"text\" ><p>\ud83d\udccd <strong data-start=\"207\" data-end=\"221\">Wo wir sind<br data-start=\"221\" data-end=\"224\"><\/strong>via Fuorimura, 49 &#8211; 80067 SORRENTO (Na) &#8211; Italien<\/p>\n<p data-start=\"257\" data-end=\"325\">\ud83d\udcde <strong data-start=\"260\" data-end=\"272\">Telefon<\/strong><br data-start=\"272\" data-end=\"275\">+39 081 807 26 74<\/p>\n<p data-start=\"257\" data-end=\"325\">\n<p data-start=\"327\" data-end=\"373\">\ud83d\udce7 <strong data-start=\"330\" data-end=\"339\">Email<\/strong><br data-start=\"339\" data-end=\"342\">info@limtravelone.it<\/p>\n<\/div><\/section><br \/>\n<div  class='hr av-ivm8y-e26f60a25bbe6e7339c076d4c157d78c hr-default  avia-builder-el-5  el_after_av_textblock  el_before_av_textblock '><span class='hr-inner '><span class=\"hr-inner-style\"><\/span><\/span><\/div><br \/>\n<section  class='av_textblock_section av-m891wdob-5f0f3756af72ec2065222667b6c906a2 '   itemscope=\"itemscope\" itemtype=\"https:\/\/schema.org\/CreativeWork\" ><div class='avia_textblock'  itemprop=\"text\" ><h3 data-start=\"785\" data-end=\"820\"><strong data-start=\"794\" data-end=\"818\">Kontaktieren Sie uns<\/strong><\/h3>\n<p data-start=\"821\" data-end=\"981\">Bei LimTravelOne stehen wir dir jederzeit zur Seite, um deine Traumreise, Veranstaltung oder ein unvergessliches Erlebnis ganz nach deinen W\u00fcnschen zu planen.<\/p>\n<p data-start=\"983\" data-end=\"1218\">Egal ob du ein exklusives Reiseziel suchst, ein besonderes Event organisieren m\u00f6chtest oder nach einer einzigartigen Erfahrung strebst \u2013 unser Team ist f\u00fcr dich da, um dir ma\u00dfgeschneiderte L\u00f6sungen bis ins kleinste Detail anzubieten.<\/p>\n<p data-start=\"1220\" data-end=\"1427\">F\u00fclle einfach das untenstehende Formular aus, und einer unserer Experten wird sich so schnell wie m\u00f6glich mit dir in Verbindung setzen, um deine Fragen zu beantworten und dich bei der Planung zu begleiten.<\/p>\n<p data-start=\"1429\" data-end=\"1508\"><strong data-start=\"1429\" data-end=\"1508\">Wir freuen uns darauf, dieses neue Abenteuer gemeinsam mit dir zu beginnen!<\/strong><\/p>\n<\/div><\/section><\/p><\/div><div  class='flex_column av-7x76a-9b8f9920d76e3ab3db269d6cdd71585c av_one_half  avia-builder-el-7  el_after_av_one_half  avia-builder-el-last  flex_column_div  '     ><form action=\"https:\/\/limtravelone.it\/de\/kontakte\/\" method=\"post\" data-fields-with-error=\"Fehler wurden in folgenden Feld(ern) gefunden:\" class=\"avia_ajax_form av-form-labels-hidden   avia-builder-el-8  avia-builder-el-no-sibling   \" data-avia-form-id=\"1\" data-avia-redirect=''  aria-label='Modulo di contatto' ><h3 class=''>Kontaktformular<\/h3><fieldset><p class='  first_form  form_element form_fullwidth' id='element_avia_1_1'><label for=\"avia_1_1\">Vorname und Nachname <abbr class=\"required\" title=\"ben\u00f6tigt\">*<\/abbr><\/label> <input name=\"avia_1_1\" class=\"text_input is_empty\" type=\"text\" id=\"avia_1_1\" value=\"\"  placeholder='Vorname und Nachname*'\/><\/p><p class='  first_form  form_element form_fullwidth' id='element_avia_2_1'><label for=\"avia_2_1\">Firma<\/label> <input name=\"avia_2_1\" class=\"text_input \" type=\"text\" id=\"avia_2_1\" value=\"\"  placeholder='Firma'\/><\/p><p class='  first_form  form_element form_fullwidth' id='element_avia_3_1'><label for=\"avia_3_1\">E-Mail <abbr class=\"required\" title=\"ben\u00f6tigt\">*<\/abbr><\/label> <input name=\"avia_3_1\" class=\"text_input is_email\" type=\"text\" id=\"avia_3_1\" value=\"\"  placeholder='E-Mail*'\/><\/p><p class='  first_form  form_element form_fullwidth' id='element_avia_4_1'><label for=\"avia_4_1\">Betreff <abbr class=\"required\" title=\"ben\u00f6tigt\">*<\/abbr><\/label> <input name=\"avia_4_1\" class=\"text_input is_empty\" type=\"text\" id=\"avia_4_1\" value=\"\"  placeholder='Betreff*'\/><\/p><p class='  first_form  form_element form_fullwidth' id='element_avia_5_1'><label for=\"avia_5_1\" class=\"textare_label hidden textare_label_avia_5_1\">Nachricht <abbr class=\"required\" title=\"ben\u00f6tigt\">*<\/abbr><\/label><textarea  placeholder='Nachricht*' name=\"avia_5_1\" class=\"text_area is_empty\" cols=\"40\" rows=\"7\" id=\"avia_5_1\" ><\/textarea><\/p><p class='  first_form  form_element form_fullwidth' id='element_avia_6_1'><input  name=\"avia_6_1\" class=\"input_checkbox is_empty\" type=\"checkbox\" id=\"avia_6_1\" value=\"true\"\/><label class=\"input_checkbox_label\" for=\"avia_6_1\">Ich best\u00e4tige, die Datenschutzerkl\u00e4rung gelesen zu haben, und stimme der Verarbeitung meiner personenbezogenen Daten gem\u00e4\u00df den geltenden gesetzlichen Bestimmungen zu. <abbr class=\"required\" title=\"ben\u00f6tigt\">*<\/abbr><\/label><\/p><p class=\"hidden\"><input type=\"text\" name=\"avia_7_1\" class=\"hidden \" id=\"avia_7_1\" value=\"\" \/><\/p><p class='   form_element form_fullwidth' id='element_avia_8_1'><span class='value_verifier_label'>5 + 3 = ?<\/span><input name=\"avia_8_1_verifier\" type=\"hidden\" id=\"avia_8_1_verifier\" value=\"422781624\"\/><label for=\"avia_8_1\">Bitte l\u00f6se die Gleichung. Diese Ma\u00dfnahme dient der Abwehr von Spam <abbr class=\"required\" title=\"ben\u00f6tigt\">*<\/abbr><\/label><input name=\"avia_8_1\" class=\"text_input captcha\" type=\"text\" id=\"avia_8_1\" value=\"\"\/><\/p><p class=\"form_element \"><input type=\"hidden\" value=\"1\" name=\"avia_generated_form1\" \/><input type=\"submit\" value=\"Invia\" class=\"button\"  data-sending-label=\"Sende\"\/><\/p><\/fieldset><\/form><div id=\"ajaxresponse_1\" class=\"ajaxresponse ajaxresponse_1 hidden\"><\/div><\/div><\/div><\/div><\/div><!-- close content main div --><\/div><\/div>\n<style type=\"text\/css\" data-created_by=\"avia_inline_auto\" id=\"style-css-av-m8eirv33-43747899260d9a55601efd99df7fd29f\">\n.avia-section.av-m8eirv33-43747899260d9a55601efd99df7fd29f{\nbackground-color:rgba(99,143,55,0.22);\nbackground-image:unset;\n}\n<\/style>\n<div id='av_section_2'  class='avia-section av-m8eirv33-43747899260d9a55601efd99df7fd29f main_color avia-section-default avia-no-border-styling  avia-builder-el-9  el_after_av_section  avia-builder-el-last  avia-bg-style-scroll container_wrap fullsize'  ><div class='container av-section-cont-open' ><div class='template-page content  av-content-full alpha units'><div class='post-entry post-entry-type-page post-entry-904'><div class='entry-content-wrapper clearfix'>\n<div  class='flex_column av-gdbh6-a0ebd1473036415dc1c2af69efa12bf2 av_one_half  avia-builder-el-10  el_before_av_one_half  avia-builder-el-first  first flex_column_div  '     ><p>\n<style type=\"text\/css\" data-created_by=\"avia_inline_auto\" id=\"style-css-av-m8eieurp-2253f97e565fa8d1cc42dadac2c46507\">\n#top .av-special-heading.av-m8eieurp-2253f97e565fa8d1cc42dadac2c46507{\npadding-bottom:10px;\n}\nbody .av-special-heading.av-m8eieurp-2253f97e565fa8d1cc42dadac2c46507 .av-special-heading-tag .heading-char{\nfont-size:25px;\n}\n.av-special-heading.av-m8eieurp-2253f97e565fa8d1cc42dadac2c46507 .av-subheading{\nfont-size:15px;\n}\n<\/style>\n<div  class='av-special-heading av-m8eieurp-2253f97e565fa8d1cc42dadac2c46507 av-special-heading-h2 blockquote modern-quote modern-centered  avia-builder-el-11  el_before_av_textblock  avia-builder-el-first '><h2 class='av-special-heading-tag '  itemprop=\"headline\"  >Erfahre mehr \u00fcber LimTravelOne.<\/h2><div class=\"special-heading-border\"><div class=\"special-heading-inner-border\"><\/div><\/div><\/div><br \/>\n<section  class='av_textblock_section av-m8eifz3a-655492187d15e58bc6079d647e1680b4 '   itemscope=\"itemscope\" itemtype=\"https:\/\/schema.org\/CreativeWork\" ><div class='avia_textblock'  itemprop=\"text\" ><blockquote>\n<p>Wenn Sie mehr \u00fcber <strong>LimTravelOne<\/strong>, unsere Geschichte, unsere Mission und die Werte, die uns leiten, erfahren m\u00f6chten, besuchen Sie unsere Seiten \u201e<a href=\"https:\/\/limtravelone.it\/de\/ueber-uns\/\">\u00dcber uns<\/a>\u201c und \u201e<a href=\"https:\/\/limtravelone.it\/de\/wie-wir-arbeiten\/\">Wie wir arbeiten<\/a>\u201c. Entdecken Sie, wie wir entstanden sind und was uns motiviert, einzigartige, ma\u00dfgeschneiderte und leidenschaftliche Reiseerlebnisse zu bieten.<\/p>\n<\/blockquote>\n<\/div><\/section><\/p><\/div><div  class='flex_column av-9mzpm-f59f81547f5984b81fe1e32e9b8ead03 av_one_half  avia-builder-el-13  el_after_av_one_half  avia-builder-el-last  flex_column_div  '     ><p>\n<style type=\"text\/css\" data-created_by=\"avia_inline_auto\" id=\"style-css-av-m8eijgqx-6904cd516234bb0b3467ad0bf6b57f32\">\n#top .av-special-heading.av-m8eijgqx-6904cd516234bb0b3467ad0bf6b57f32{\npadding-bottom:10px;\n}\nbody .av-special-heading.av-m8eijgqx-6904cd516234bb0b3467ad0bf6b57f32 .av-special-heading-tag .heading-char{\nfont-size:25px;\n}\n.av-special-heading.av-m8eijgqx-6904cd516234bb0b3467ad0bf6b57f32 .av-subheading{\nfont-size:15px;\n}\n<\/style>\n<div  class='av-special-heading av-m8eijgqx-6904cd516234bb0b3467ad0bf6b57f32 av-special-heading-h2 blockquote modern-quote modern-centered  avia-builder-el-14  el_before_av_textblock  avia-builder-el-first '><h2 class='av-special-heading-tag '  itemprop=\"headline\"  >Entdecke unsere Dienstleistungen<\/h2><div class=\"special-heading-border\"><div class=\"special-heading-inner-border\"><\/div><\/div><\/div><br \/>\n<section  class='av_textblock_section av-m8eilpoh-399bcae6f08843f925fc581ac4fe9223 '   itemscope=\"itemscope\" itemtype=\"https:\/\/schema.org\/CreativeWork\" ><div class='avia_textblock'  itemprop=\"text\" ><blockquote>\n<p>Bei LimTravelOne bieten wir eine Vielzahl von Dienstleistungen an, die darauf ausgelegt sind, all deinen Bed\u00fcrfnissen gerecht zu werden. Von ma\u00dfgeschneiderten Reisen \u00fcber exklusive Erlebnisse, Hochzeiten bis hin zu Kochkursen. F\u00fcr weitere Details zu unseren Dienstleistungen besuche bitte unsere Seite \u201e<a href=\"https:\/\/limtravelone.it\/de\/unsere-dienstleistungen\/\"><strong data-start=\"442\" data-end=\"453\">Dienstleistungen<\/strong><\/a>\u201c, auf der du alle Informationen zu den Paketen und Sonderangeboten findest, die wir speziell f\u00fcr dich erstellen k\u00f6nnen.  <\/p>\n<\/blockquote>\n<\/div><\/section><\/p><\/div>\n<\/p>\n","protected":false},"excerpt":{"rendered":"","protected":false},"author":1,"featured_media":0,"parent":0,"menu_order":0,"comment_status":"closed","ping_status":"closed","template":"","meta":{"footnotes":""},"class_list":["post-904","page","type-page","status-publish","hentry"],"yoast_head":"<!-- This site is optimized with the Yoast SEO plugin v27.5 - https:\/\/yoast.com\/product\/yoast-seo-wordpress\/ -->\n<title>LimTravelOne-Kontakte<\/title>\n<meta name=\"description\" content=\"Kontaktiere LimTravelOne, um deine ma\u00dfgeschneiderte Reise, Veranstaltung oder Erfahrung zu planen. F\u00fclle das Formular aus und erhalte ma\u00dfgeschneiderte Unterst\u00fctzung.\" \/>\n<meta name=\"robots\" content=\"index, follow, max-snippet:-1, max-image-preview:large, max-video-preview:-1\" \/>\n<link rel=\"canonical\" href=\"https:\/\/limtravelone.it\/de\/kontakte\/\" \/>\n<meta property=\"og:locale\" content=\"de_DE\" \/>\n<meta property=\"og:type\" content=\"article\" \/>\n<meta property=\"og:title\" content=\"LimTravelOne-Kontakte\" \/>\n<meta property=\"og:description\" content=\"Kontaktiere LimTravelOne, um deine ma\u00dfgeschneiderte Reise, Veranstaltung oder Erfahrung zu planen. F\u00fclle das Formular aus und erhalte ma\u00dfgeschneiderte Unterst\u00fctzung.\" \/>\n<meta property=\"og:url\" content=\"https:\/\/limtravelone.it\/de\/kontakte\/\" \/>\n<meta property=\"og:site_name\" content=\"LIMTRAVELONE\" \/>\n<meta property=\"article:modified_time\" content=\"2025-05-12T16:16:54+00:00\" \/>\n<meta name=\"twitter:card\" content=\"summary_large_image\" \/>\n<meta name=\"twitter:label1\" content=\"Gesch\u00e4tzte Lesezeit\" \/>\n\t<meta name=\"twitter:data1\" content=\"2\u00a0Minuten\" \/>\n<script type=\"application\/ld+json\" class=\"yoast-schema-graph\">{\"@context\":\"https:\\\/\\\/schema.org\",\"@graph\":[{\"@type\":\"WebPage\",\"@id\":\"https:\\\/\\\/limtravelone.it\\\/de\\\/kontakte\\\/\",\"url\":\"https:\\\/\\\/limtravelone.it\\\/de\\\/kontakte\\\/\",\"name\":\"LimTravelOne-Kontakte\",\"isPartOf\":{\"@id\":\"https:\\\/\\\/limtravelone.it\\\/de\\\/#website\"},\"datePublished\":\"2025-03-14T15:29:49+00:00\",\"dateModified\":\"2025-05-12T16:16:54+00:00\",\"description\":\"Kontaktiere LimTravelOne, um deine ma\u00dfgeschneiderte Reise, Veranstaltung oder Erfahrung zu planen. F\u00fclle das Formular aus und erhalte ma\u00dfgeschneiderte Unterst\u00fctzung.\",\"breadcrumb\":{\"@id\":\"https:\\\/\\\/limtravelone.it\\\/de\\\/kontakte\\\/#breadcrumb\"},\"inLanguage\":\"de\",\"potentialAction\":[{\"@type\":\"ReadAction\",\"target\":[\"https:\\\/\\\/limtravelone.it\\\/de\\\/kontakte\\\/\"]}]},{\"@type\":\"BreadcrumbList\",\"@id\":\"https:\\\/\\\/limtravelone.it\\\/de\\\/kontakte\\\/#breadcrumb\",\"itemListElement\":[{\"@type\":\"ListItem\",\"position\":1,\"name\":\"Home\",\"item\":\"https:\\\/\\\/limtravelone.it\\\/de\\\/\"},{\"@type\":\"ListItem\",\"position\":2,\"name\":\"Kontakte\"}]},{\"@type\":\"WebSite\",\"@id\":\"https:\\\/\\\/limtravelone.it\\\/de\\\/#website\",\"url\":\"https:\\\/\\\/limtravelone.it\\\/de\\\/\",\"name\":\"LIMTRAVELONE\",\"description\":\"Incoming Tour Operator\",\"publisher\":{\"@id\":\"https:\\\/\\\/limtravelone.it\\\/de\\\/#organization\"},\"potentialAction\":[{\"@type\":\"SearchAction\",\"target\":{\"@type\":\"EntryPoint\",\"urlTemplate\":\"https:\\\/\\\/limtravelone.it\\\/de\\\/?s={search_term_string}\"},\"query-input\":{\"@type\":\"PropertyValueSpecification\",\"valueRequired\":true,\"valueName\":\"search_term_string\"}}],\"inLanguage\":\"de\"},{\"@type\":\"Organization\",\"@id\":\"https:\\\/\\\/limtravelone.it\\\/de\\\/#organization\",\"name\":\"LIMTRAVELONE\",\"url\":\"https:\\\/\\\/limtravelone.it\\\/de\\\/\",\"logo\":{\"@type\":\"ImageObject\",\"inLanguage\":\"de\",\"@id\":\"https:\\\/\\\/limtravelone.it\\\/de\\\/#\\\/schema\\\/logo\\\/image\\\/\",\"url\":\"https:\\\/\\\/limtravelone.it\\\/wp-content\\\/uploads\\\/2025\\\/03\\\/LOGO-1.png\",\"contentUrl\":\"https:\\\/\\\/limtravelone.it\\\/wp-content\\\/uploads\\\/2025\\\/03\\\/LOGO-1.png\",\"width\":251,\"height\":366,\"caption\":\"LIMTRAVELONE\"},\"image\":{\"@id\":\"https:\\\/\\\/limtravelone.it\\\/de\\\/#\\\/schema\\\/logo\\\/image\\\/\"}}]}<\/script>\n<!-- \/ Yoast SEO plugin. -->","yoast_head_json":{"title":"LimTravelOne-Kontakte","description":"Kontaktiere LimTravelOne, um deine ma\u00dfgeschneiderte Reise, Veranstaltung oder Erfahrung zu planen. F\u00fclle das Formular aus und erhalte ma\u00dfgeschneiderte Unterst\u00fctzung.","robots":{"index":"index","follow":"follow","max-snippet":"max-snippet:-1","max-image-preview":"max-image-preview:large","max-video-preview":"max-video-preview:-1"},"canonical":"https:\/\/limtravelone.it\/de\/kontakte\/","og_locale":"de_DE","og_type":"article","og_title":"LimTravelOne-Kontakte","og_description":"Kontaktiere LimTravelOne, um deine ma\u00dfgeschneiderte Reise, Veranstaltung oder Erfahrung zu planen. F\u00fclle das Formular aus und erhalte ma\u00dfgeschneiderte Unterst\u00fctzung.","og_url":"https:\/\/limtravelone.it\/de\/kontakte\/","og_site_name":"LIMTRAVELONE","article_modified_time":"2025-05-12T16:16:54+00:00","twitter_card":"summary_large_image","twitter_misc":{"Gesch\u00e4tzte Lesezeit":"2\u00a0Minuten"},"schema":{"@context":"https:\/\/schema.org","@graph":[{"@type":"WebPage","@id":"https:\/\/limtravelone.it\/de\/kontakte\/","url":"https:\/\/limtravelone.it\/de\/kontakte\/","name":"LimTravelOne-Kontakte","isPartOf":{"@id":"https:\/\/limtravelone.it\/de\/#website"},"datePublished":"2025-03-14T15:29:49+00:00","dateModified":"2025-05-12T16:16:54+00:00","description":"Kontaktiere LimTravelOne, um deine ma\u00dfgeschneiderte Reise, Veranstaltung oder Erfahrung zu planen. F\u00fclle das Formular aus und erhalte ma\u00dfgeschneiderte Unterst\u00fctzung.","breadcrumb":{"@id":"https:\/\/limtravelone.it\/de\/kontakte\/#breadcrumb"},"inLanguage":"de","potentialAction":[{"@type":"ReadAction","target":["https:\/\/limtravelone.it\/de\/kontakte\/"]}]},{"@type":"BreadcrumbList","@id":"https:\/\/limtravelone.it\/de\/kontakte\/#breadcrumb","itemListElement":[{"@type":"ListItem","position":1,"name":"Home","item":"https:\/\/limtravelone.it\/de\/"},{"@type":"ListItem","position":2,"name":"Kontakte"}]},{"@type":"WebSite","@id":"https:\/\/limtravelone.it\/de\/#website","url":"https:\/\/limtravelone.it\/de\/","name":"LIMTRAVELONE","description":"Incoming Tour Operator","publisher":{"@id":"https:\/\/limtravelone.it\/de\/#organization"},"potentialAction":[{"@type":"SearchAction","target":{"@type":"EntryPoint","urlTemplate":"https:\/\/limtravelone.it\/de\/?s={search_term_string}"},"query-input":{"@type":"PropertyValueSpecification","valueRequired":true,"valueName":"search_term_string"}}],"inLanguage":"de"},{"@type":"Organization","@id":"https:\/\/limtravelone.it\/de\/#organization","name":"LIMTRAVELONE","url":"https:\/\/limtravelone.it\/de\/","logo":{"@type":"ImageObject","inLanguage":"de","@id":"https:\/\/limtravelone.it\/de\/#\/schema\/logo\/image\/","url":"https:\/\/limtravelone.it\/wp-content\/uploads\/2025\/03\/LOGO-1.png","contentUrl":"https:\/\/limtravelone.it\/wp-content\/uploads\/2025\/03\/LOGO-1.png","width":251,"height":366,"caption":"LIMTRAVELONE"},"image":{"@id":"https:\/\/limtravelone.it\/de\/#\/schema\/logo\/image\/"}}]}},"_links":{"self":[{"href":"https:\/\/limtravelone.it\/de\/wp-json\/wp\/v2\/pages\/904","targetHints":{"allow":["GET"]}}],"collection":[{"href":"https:\/\/limtravelone.it\/de\/wp-json\/wp\/v2\/pages"}],"about":[{"href":"https:\/\/limtravelone.it\/de\/wp-json\/wp\/v2\/types\/page"}],"author":[{"embeddable":true,"href":"https:\/\/limtravelone.it\/de\/wp-json\/wp\/v2\/users\/1"}],"replies":[{"embeddable":true,"href":"https:\/\/limtravelone.it\/de\/wp-json\/wp\/v2\/comments?post=904"}],"version-history":[{"count":21,"href":"https:\/\/limtravelone.it\/de\/wp-json\/wp\/v2\/pages\/904\/revisions"}],"predecessor-version":[{"id":1183,"href":"https:\/\/limtravelone.it\/de\/wp-json\/wp\/v2\/pages\/904\/revisions\/1183"}],"wp:attachment":[{"href":"https:\/\/limtravelone.it\/de\/wp-json\/wp\/v2\/media?parent=904"}],"curies":[{"name":"wp","href":"https:\/\/api.w.org\/{rel}","templated":true}]}}