{"id":913,"date":"2025-03-14T12:17:08","date_gmt":"2025-03-14T10:17:08","guid":{"rendered":"https:\/\/limtravelone.it\/hochzeiten\/"},"modified":"2025-04-01T11:57:44","modified_gmt":"2025-04-01T10:57:44","slug":"hochzeiten","status":"publish","type":"page","link":"https:\/\/limtravelone.it\/de\/hochzeiten\/","title":{"rendered":"HOCHZEITEN"},"content":{"rendered":"<div id='full_slider_1'  class='avia-fullwidth-slider main_color avia-shadow   avia-builder-el-0  el_before_av_one_full  avia-builder-el-first   container_wrap fullsize'  ><div  class='avia-slideshow av-q05i8-796b6b45d7f298102c6e6a7c8aae6b1e avia-slideshow-featured av_slideshow_full avia-slide-slider av-slideshow-ui av-control-default av-slideshow-manual av-loop-once av-loop-manual-endless av-default-height-applied   avia-slideshow-1' data-slideshow-options=\"{&quot;animation&quot;:&quot;slide&quot;,&quot;autoplay&quot;:false,&quot;loop_autoplay&quot;:&quot;once&quot;,&quot;interval&quot;:5,&quot;loop_manual&quot;:&quot;manual-endless&quot;,&quot;autoplay_stopper&quot;:false,&quot;noNavigation&quot;:false,&quot;bg_slider&quot;:false,&quot;keep_padding&quot;:false,&quot;hoverpause&quot;:false,&quot;show_slide_delay&quot;:0}\"  itemprop=\"image\" itemscope=\"itemscope\" itemtype=\"https:\/\/schema.org\/ImageObject\" ><ul class='avia-slideshow-inner ' style='padding-bottom: 33.59375%;'><li  class='avia-slideshow-slide av-q05i8-796b6b45d7f298102c6e6a7c8aae6b1e__0  av-single-slide slide-1 slide-odd'><div data-rel='slideshow-1' class='avia-slide-wrap '   ><img decoding=\"async\" fetchpriority=\"high\" class=\"wp-image-505 avia-img-lazy-loading-not-505\"  src=\"https:\/\/limtravelone.it\/wp-content\/uploads\/2025\/03\/Wedding_Italy-1280x430.jpg\" width=\"1280\" height=\"430\" title='Wedding in Italy' alt=''  itemprop=\"thumbnailUrl\"   \/><\/div><\/li><\/ul><\/div><\/div><div id='after_full_slider_1'  class='main_color av_default_container_wrap container_wrap fullsize'  ><div class='container av-section-cont-open' ><div class='template-page content  av-content-full alpha units'><div class='post-entry post-entry-type-page post-entry-913'><div class='entry-content-wrapper clearfix'>\n<div  class='flex_column av-fjvzc-bbc0410ad16ca1416e140facd521708f av_one_full  avia-builder-el-1  el_after_av_slideshow_full  avia-builder-el-no-sibling  first flex_column_div  '     ><p>\n<style type=\"text\/css\" data-created_by=\"avia_inline_auto\" id=\"style-css-av-m88z57rz-ebed0d4323ef7e83cf31b0b351e275ed\">\n#top .av-special-heading.av-m88z57rz-ebed0d4323ef7e83cf31b0b351e275ed{\npadding-bottom:10px;\n}\nbody .av-special-heading.av-m88z57rz-ebed0d4323ef7e83cf31b0b351e275ed .av-special-heading-tag .heading-char{\nfont-size:25px;\n}\n.av-special-heading.av-m88z57rz-ebed0d4323ef7e83cf31b0b351e275ed .av-subheading{\nfont-size:15px;\n}\n<\/style>\n<div  class='av-special-heading av-m88z57rz-ebed0d4323ef7e83cf31b0b351e275ed av-special-heading-h3 blockquote modern-quote  avia-builder-el-2  el_before_av_textblock  avia-builder-el-first '><h3 class='av-special-heading-tag '  itemprop=\"headline\"  >M\u00f6chten Sie eine besondere Hochzeit&#8230;?<\/h3><div class=\"special-heading-border\"><div class=\"special-heading-inner-border\"><\/div><\/div><\/div><br \/>\n<section  class='av_textblock_section av-m88z622y-100c122edfd2f31e936449c81a61054a '   itemscope=\"itemscope\" itemtype=\"https:\/\/schema.org\/CreativeWork\" ><div class='avia_textblock'  itemprop=\"text\" ><p data-start=\"202\" data-end=\"472\">Romantisch und einzigartig &#8230; mit der ganzen Familie, nur mit Freunden oder ganz privat und intim &#8230;<br data-start=\"276\" data-end=\"279\">Ob es eine gro\u00dfe Feier mit der ganzen Familie, ein Event nur mit den engsten Freunden oder ein intimer Moment nur f\u00fcr euch beide ist, wir sind hier, um euren Traum zu verwirklichen.<\/p>\n<p data-start=\"474\" data-end=\"570\">Wir organisieren alle Arten von Zeremonien und k\u00fcmmern uns mit Leidenschaft und Professionalit\u00e4t um jedes Detail:<\/p>\n<ul data-start=\"572\" data-end=\"924\">\n<li data-start=\"572\" data-end=\"677\"><strong data-start=\"574\" data-end=\"606\">Religi\u00f6se und standesamtliche Hochzeiten<\/strong>, f\u00fcr diejenigen, die in der Kirche oder mit einer offiziellen Zeremonie im Standesamt heiraten m\u00f6chten.<\/li>\n<li data-start=\"678\" data-end=\"816\"><strong data-start=\"680\" data-end=\"728\">Symbolische Hochzeiten und Hochzeitsversprechen<\/strong>, f\u00fcr diejenigen, die sich zwar gerne, aber noch nicht legal verheiraten k\u00f6nnen oder dies lieber in der Zukunft tun m\u00f6chten.<\/li>\n<li data-start=\"817\" data-end=\"924\"><strong data-start=\"819\" data-end=\"853\">Erneuerung des Eheversprechens und Jubil\u00e4en<\/strong>, um die eigene Liebe mit einem besonderen Moment zu feiern und zu erneuern.<\/li>\n<\/ul>\n<p data-start=\"926\" data-end=\"1137\">Unsere Hochzeitsplanerinnen werden an Ihrer Seite sein, um Ihnen zu helfen, Sie zu beraten und Sie in jeder Phase der Organisation zu begleiten, um Ihre Hochzeit zu einem wirklich einzigartigen und unvergesslichen Ereignis zu machen.<\/p>\n<p data-start=\"926\" data-end=\"1137\">Mit Geschmack, Kreativit\u00e4t und einem Auge f\u00fcr Originalit\u00e4t k\u00fcmmern wir uns um jeden Aspekt der Zeremonie, immer im Einklang mit Ihrem Budget und Ihren W\u00fcnschen.<\/p>\n<p data-start=\"926\" data-end=\"1137\">\n<p data-start=\"926\" data-end=\"1137\">\n<p data-start=\"926\" data-end=\"1137\">Vertrauen Sie auf unsere Erfahrung und lassen Sie sich f\u00fchren: Ihre Hochzeit wird genau so sein, wie Sie sie sich immer ertr\u00e4umt haben!<\/p>\n<\/div><\/section><br \/>\n\n<style type=\"text\/css\" data-created_by=\"avia_inline_auto\" id=\"style-css-av-m8dcoxm0-e23f491f2a000f391fe10cc928ae7313\">\n#top .hr.hr-invisible.av-m8dcoxm0-e23f491f2a000f391fe10cc928ae7313{\nheight:50px;\n}\n<\/style>\n<div  class='hr av-m8dcoxm0-e23f491f2a000f391fe10cc928ae7313 hr-invisible  avia-builder-el-4  el_after_av_textblock  el_before_av_textblock '><span class='hr-inner '><span class=\"hr-inner-style\"><\/span><\/span><\/div><br \/>\n<section  class='av_textblock_section av-m88z6mk7-f723045a7d6cf7282a6824abd7b8a9bd '   itemscope=\"itemscope\" itemtype=\"https:\/\/schema.org\/CreativeWork\" ><div class='avia_textblock'  itemprop=\"text\" ><p><strong data-start=\"1310\" data-end=\"1341\">Unsere Dienstleistungen umfassen:<br data-start=\"1341\" data-end=\"1344\"><\/strong>\u2705 <strong data-start=\"1346\" data-end=\"1372\">Suche nach<\/strong> der Traumlocation <br data-start=\"1381\" data-end=\"1384\">\ud83d\ude97 <strong data-start=\"1387\" data-end=\"1426\">Mietservice f\u00fcr Oldtimer oder Luxusautos<\/strong> f\u00fcr eine spektakul\u00e4re Ankunft. <br data-start=\"1453\" data-end=\"1456\">\ud83c\udf7d\ufe0f <strong data-start=\"1460\" data-end=\"1485\">Catering &amp; Bankettservice<\/strong> f\u00fcr ein raffiniertes kulinarisches Erlebnis. <br data-start=\"1524\" data-end=\"1527\">\ud83c\udfb6 <strong data-start=\"1530\" data-end=\"1558\" data-is-only-node=\"\">Musik und Unterhaltung<\/strong>, um den Tag noch magischer zu machen. <br data-start=\"1600\" data-end=\"1603\">\ud83d\ude8c <strong data-start=\"1606\" data-end=\"1623\">Transfers<\/strong> f\u00fcr Ihre Verwandten und G\u00e4ste <br data-start=\"1653\" data-end=\"1656\">\u2709\ufe0f <strong data-start=\"1659\" data-end=\"1707\">Gestaltung von personalisierten<\/strong> Einladungen und Gastgeschenken. <br data-start=\"1722\" data-end=\"1725\">\ud83d\udc90 <strong data-start=\"1728\" data-end=\"1767\">Blumenschmuck und Brautstr\u00e4u\u00dfe<\/strong>, die perfekt mit Ihrem Stil harmonieren. <br data-start=\"1808\" data-end=\"1811\">\ud83d\udc84 <strong data-start=\"1814\" data-end=\"1849\">Frisuren und \u00e4sthetische Dienstleistungen<\/strong>, damit Sie sich an Ihrem besonderen Tag wundersch\u00f6n f\u00fchlen. <br data-start=\"1905\" data-end=\"1908\">\ud83d\udcf8 <strong data-start=\"1911\" data-end=\"1943\">Fotografie- und Video-Service<\/strong>, um jede Emotion festzuhalten. <br data-start=\"1972\" data-end=\"1975\">\ud83c\udfe8 <strong data-start=\"1978\" data-end=\"2029\">Organisation der \u00dcbernachtung f\u00fcr die G\u00e4ste<\/strong>, f\u00fcr eine makellose Gastfreundschaft. <br data-start=\"2061\" data-end=\"2064\">\ud83d\udcdc <strong data-start=\"2067\" data-end=\"2133\">Verwaltung der b\u00fcrokratischen Formalit\u00e4ten und beh\u00f6rdlichen Genehmigungen<\/strong>, um Ihnen absolute Ruhe zu garantieren.<\/p>\n<\/div><\/section><\/p><\/div>\n","protected":false},"excerpt":{"rendered":"","protected":false},"author":1,"featured_media":0,"parent":0,"menu_order":0,"comment_status":"closed","ping_status":"closed","template":"","meta":{"footnotes":""},"class_list":["post-913","page","type-page","status-publish","hentry"],"yoast_head":"<!-- This site is optimized with the Yoast SEO plugin v27.5 - https:\/\/yoast.com\/product\/yoast-seo-wordpress\/ -->\n<title>HOCHZEITEN - LIMTRAVELONE<\/title>\n<meta name=\"robots\" content=\"index, follow, max-snippet:-1, max-image-preview:large, max-video-preview:-1\" \/>\n<link rel=\"canonical\" href=\"https:\/\/limtravelone.it\/de\/hochzeiten\/\" \/>\n<meta property=\"og:locale\" content=\"de_DE\" \/>\n<meta property=\"og:type\" content=\"article\" \/>\n<meta property=\"og:title\" content=\"HOCHZEITEN - LIMTRAVELONE\" \/>\n<meta property=\"og:url\" content=\"https:\/\/limtravelone.it\/de\/hochzeiten\/\" \/>\n<meta property=\"og:site_name\" content=\"LIMTRAVELONE\" \/>\n<meta property=\"article:modified_time\" content=\"2025-04-01T10:57:44+00:00\" \/>\n<meta name=\"twitter:card\" content=\"summary_large_image\" \/>\n<meta name=\"twitter:label1\" content=\"Gesch\u00e4tzte Lesezeit\" \/>\n\t<meta name=\"twitter:data1\" content=\"8\u00a0Minuten\" \/>\n<script type=\"application\/ld+json\" class=\"yoast-schema-graph\">{\"@context\":\"https:\\\/\\\/schema.org\",\"@graph\":[{\"@type\":\"WebPage\",\"@id\":\"https:\\\/\\\/limtravelone.it\\\/de\\\/hochzeiten\\\/\",\"url\":\"https:\\\/\\\/limtravelone.it\\\/de\\\/hochzeiten\\\/\",\"name\":\"HOCHZEITEN - LIMTRAVELONE\",\"isPartOf\":{\"@id\":\"https:\\\/\\\/limtravelone.it\\\/de\\\/#website\"},\"datePublished\":\"2025-03-14T10:17:08+00:00\",\"dateModified\":\"2025-04-01T10:57:44+00:00\",\"breadcrumb\":{\"@id\":\"https:\\\/\\\/limtravelone.it\\\/de\\\/hochzeiten\\\/#breadcrumb\"},\"inLanguage\":\"de\",\"potentialAction\":[{\"@type\":\"ReadAction\",\"target\":[\"https:\\\/\\\/limtravelone.it\\\/de\\\/hochzeiten\\\/\"]}]},{\"@type\":\"BreadcrumbList\",\"@id\":\"https:\\\/\\\/limtravelone.it\\\/de\\\/hochzeiten\\\/#breadcrumb\",\"itemListElement\":[{\"@type\":\"ListItem\",\"position\":1,\"name\":\"Home\",\"item\":\"https:\\\/\\\/limtravelone.it\\\/de\\\/\"},{\"@type\":\"ListItem\",\"position\":2,\"name\":\"HOCHZEITEN\"}]},{\"@type\":\"WebSite\",\"@id\":\"https:\\\/\\\/limtravelone.it\\\/de\\\/#website\",\"url\":\"https:\\\/\\\/limtravelone.it\\\/de\\\/\",\"name\":\"LIMTRAVELONE\",\"description\":\"Incoming Tour Operator\",\"publisher\":{\"@id\":\"https:\\\/\\\/limtravelone.it\\\/de\\\/#organization\"},\"potentialAction\":[{\"@type\":\"SearchAction\",\"target\":{\"@type\":\"EntryPoint\",\"urlTemplate\":\"https:\\\/\\\/limtravelone.it\\\/de\\\/?s={search_term_string}\"},\"query-input\":{\"@type\":\"PropertyValueSpecification\",\"valueRequired\":true,\"valueName\":\"search_term_string\"}}],\"inLanguage\":\"de\"},{\"@type\":\"Organization\",\"@id\":\"https:\\\/\\\/limtravelone.it\\\/de\\\/#organization\",\"name\":\"LIMTRAVELONE\",\"url\":\"https:\\\/\\\/limtravelone.it\\\/de\\\/\",\"logo\":{\"@type\":\"ImageObject\",\"inLanguage\":\"de\",\"@id\":\"https:\\\/\\\/limtravelone.it\\\/de\\\/#\\\/schema\\\/logo\\\/image\\\/\",\"url\":\"https:\\\/\\\/limtravelone.it\\\/wp-content\\\/uploads\\\/2025\\\/03\\\/LOGO-1.png\",\"contentUrl\":\"https:\\\/\\\/limtravelone.it\\\/wp-content\\\/uploads\\\/2025\\\/03\\\/LOGO-1.png\",\"width\":251,\"height\":366,\"caption\":\"LIMTRAVELONE\"},\"image\":{\"@id\":\"https:\\\/\\\/limtravelone.it\\\/de\\\/#\\\/schema\\\/logo\\\/image\\\/\"}}]}<\/script>\n<!-- \/ Yoast SEO plugin. -->","yoast_head_json":{"title":"HOCHZEITEN - LIMTRAVELONE","robots":{"index":"index","follow":"follow","max-snippet":"max-snippet:-1","max-image-preview":"max-image-preview:large","max-video-preview":"max-video-preview:-1"},"canonical":"https:\/\/limtravelone.it\/de\/hochzeiten\/","og_locale":"de_DE","og_type":"article","og_title":"HOCHZEITEN - LIMTRAVELONE","og_url":"https:\/\/limtravelone.it\/de\/hochzeiten\/","og_site_name":"LIMTRAVELONE","article_modified_time":"2025-04-01T10:57:44+00:00","twitter_card":"summary_large_image","twitter_misc":{"Gesch\u00e4tzte Lesezeit":"8\u00a0Minuten"},"schema":{"@context":"https:\/\/schema.org","@graph":[{"@type":"WebPage","@id":"https:\/\/limtravelone.it\/de\/hochzeiten\/","url":"https:\/\/limtravelone.it\/de\/hochzeiten\/","name":"HOCHZEITEN - LIMTRAVELONE","isPartOf":{"@id":"https:\/\/limtravelone.it\/de\/#website"},"datePublished":"2025-03-14T10:17:08+00:00","dateModified":"2025-04-01T10:57:44+00:00","breadcrumb":{"@id":"https:\/\/limtravelone.it\/de\/hochzeiten\/#breadcrumb"},"inLanguage":"de","potentialAction":[{"@type":"ReadAction","target":["https:\/\/limtravelone.it\/de\/hochzeiten\/"]}]},{"@type":"BreadcrumbList","@id":"https:\/\/limtravelone.it\/de\/hochzeiten\/#breadcrumb","itemListElement":[{"@type":"ListItem","position":1,"name":"Home","item":"https:\/\/limtravelone.it\/de\/"},{"@type":"ListItem","position":2,"name":"HOCHZEITEN"}]},{"@type":"WebSite","@id":"https:\/\/limtravelone.it\/de\/#website","url":"https:\/\/limtravelone.it\/de\/","name":"LIMTRAVELONE","description":"Incoming Tour Operator","publisher":{"@id":"https:\/\/limtravelone.it\/de\/#organization"},"potentialAction":[{"@type":"SearchAction","target":{"@type":"EntryPoint","urlTemplate":"https:\/\/limtravelone.it\/de\/?s={search_term_string}"},"query-input":{"@type":"PropertyValueSpecification","valueRequired":true,"valueName":"search_term_string"}}],"inLanguage":"de"},{"@type":"Organization","@id":"https:\/\/limtravelone.it\/de\/#organization","name":"LIMTRAVELONE","url":"https:\/\/limtravelone.it\/de\/","logo":{"@type":"ImageObject","inLanguage":"de","@id":"https:\/\/limtravelone.it\/de\/#\/schema\/logo\/image\/","url":"https:\/\/limtravelone.it\/wp-content\/uploads\/2025\/03\/LOGO-1.png","contentUrl":"https:\/\/limtravelone.it\/wp-content\/uploads\/2025\/03\/LOGO-1.png","width":251,"height":366,"caption":"LIMTRAVELONE"},"image":{"@id":"https:\/\/limtravelone.it\/de\/#\/schema\/logo\/image\/"}}]}},"_links":{"self":[{"href":"https:\/\/limtravelone.it\/de\/wp-json\/wp\/v2\/pages\/913","targetHints":{"allow":["GET"]}}],"collection":[{"href":"https:\/\/limtravelone.it\/de\/wp-json\/wp\/v2\/pages"}],"about":[{"href":"https:\/\/limtravelone.it\/de\/wp-json\/wp\/v2\/types\/page"}],"author":[{"embeddable":true,"href":"https:\/\/limtravelone.it\/de\/wp-json\/wp\/v2\/users\/1"}],"replies":[{"embeddable":true,"href":"https:\/\/limtravelone.it\/de\/wp-json\/wp\/v2\/comments?post=913"}],"version-history":[{"count":2,"href":"https:\/\/limtravelone.it\/de\/wp-json\/wp\/v2\/pages\/913\/revisions"}],"predecessor-version":[{"id":915,"href":"https:\/\/limtravelone.it\/de\/wp-json\/wp\/v2\/pages\/913\/revisions\/915"}],"wp:attachment":[{"href":"https:\/\/limtravelone.it\/de\/wp-json\/wp\/v2\/media?parent=913"}],"curies":[{"name":"wp","href":"https:\/\/api.w.org\/{rel}","templated":true}]}}